{"id":1295,"date":"2023-02-10T13:35:51","date_gmt":"2023-02-10T13:35:51","guid":{"rendered":"https:\/\/www.theweddingpen.com\/?post_type=product&#038;p=1295"},"modified":"2023-02-10T18:55:56","modified_gmt":"2023-02-10T18:55:56","slug":"wedding-pen-platinum-edition","status":"publish","type":"product","link":"https:\/\/www.theweddingpen.com\/?product=wedding-pen-platinum-edition","title":{"rendered":"Wedding Pen Platinum Edition"},"content":{"rendered":"<div id=\"tab-description\" class=\"panel entry-content\">\n<p>Die Farbe Wei\u00df, als Symbol der Heiligkeit und Reinheit der Ehe, bildet den Grundfarbton des Wedding Pen. In mehreren aufwendigen Arbeitsschritten wird in unserer Manufaktur der speziell f\u00fcr den Wedding Pen entwickelte Farbton \u201epearl-white\u201c aufgetragen. Mehrere Schichten und wiederholtes polieren der Oberfl\u00e4che sind n\u00f6tig um den Lack zum Funkeln zu bringen.<br \/>\nDie aufgeschraubte Verschlusskappe des Wedding Pen ziert ein aufwendig graviertes Muster, welches an den Spitzenstoff des Brautkleids erinnert.<br \/>\nWie ein edles Collier um den Hals der Braut, legt sich geschmeidig der Clip des Wedding Pen um die Kappe. Auf den zweiten Blick erkennt man ein verstecktes Designelement. Der Clip bildet von oben betrachtet ein Herz. Vollendet wird der Clip mit dem in Tr\u00e4nenform geschliffenen Edelstein. Alle f\u00fcr den Wedding Pen verwendeten Steine sind aus der exklusiven Kollektion \u201eCrystals by Swarovski\u201c.<\/p>\n<p>Den Mittelpunkt des Wedding Pen bilden die beiden Ringe, welche unweigerlich an die Trauringe erinnern. Diese werden vervollkommnet \u00a0mit den Namen des Ehepaares und dem gemeinsamen Hochzeitsdatum. Der Wedding Pen ist damit das Erste im gemeinsamen Leben, das beide Namen vereint tr\u00e4gt.<br \/>\nNachdem bei der Herstellung des Wedding Pen die Namen in die Ringe graviert wurden, wird dieser Teil des Schreibger\u00e4tes mit einer Plattierung, aus reinem Gold \u00fcberzogen.<br \/>\nDamit sind die Namen und das Datum f\u00fcr alle Zeit bewahrt.<br \/>\nDer Wedding Pen wird in einer au\u00dfergew\u00f6hnlichen Qualit\u00e4t, von einer traditionsreichen Manufaktur aus der Goldstadt Pforzheim gefertigt. Zur Ehre dieser ruhmreichen Tradition in der Fertigung von Schmuck, Uhren, Trauringen und edlen Schreibger\u00e4ten wird jedes unserer Produkte, nach erfolgreicher Pr\u00fcfung der Qualit\u00e4t, mit einem echten Diamanten gekr\u00f6nt. Dieser Diamant garantiert, dass es sich um ein Produkt von h\u00f6chster Qualit\u00e4t handelt. Der Brillant befindet sich am Schaftabschluss auf der Unterseite des Wedding Pen gemeinsam mit unserem Markenzeichen dem herzgekr\u00f6nten LK f\u00fcr Lila Krone.<\/p>\n<p>Der Wedding Pen ist gleichzeitig das ideale Geschenk zur Hochzeit.<\/p>\n<p>Da jeder Wedding Pen mit einer Seriennummer versehen ist, wird er systemseitig dem Brautpaar zugewiesen. Dadurch ist ausgeschlossen, dass ein Paar den Wedding Pen doppelt erh\u00e4lt.<\/p>\n<p>Au\u00dferdem setzt sich der Geber hiermit ein Denkmal, denn dieses Geschenk wird das Brautpaar sicher bis an Ihr Lebensende aufheben, ja m\u00f6glicherweise eines Tages sogar an die folgende Generation weitergeben.<\/p>\n<p>Da wir von der Qualit\u00e4t und Verarbeitung absolut \u00fcberzeugt sind, gew\u00e4hren wir auf den Wedding Pen eine Garantie von 10 Jahren ab Herstellungsdatum.<\/p>\n<p>&nbsp;<\/p>\n<p><strong>WICHTIG: Im Bestellprozess haben Sie die M\u00f6glichkeit uns Ihre Gravurdaten mitzuteilen. Zur Korrektur bzw. f\u00fcr R\u00fcckfragen geben Sie uns unbedingt bei der Bestellung eine g\u00fcltige E-Mailadresse an! Bitte beachten Sie auch, dass die Fertigung Ihres Wedding Pen bis zu 14 Werktage in Anspruch nehmen kann.<\/strong><\/p>\n<\/div>\n","protected":false},"excerpt":{"rendered":"<div>\n<p><strong><em>Direktverkauf vom Hersteller<\/em> \u2013<br \/>\nohne Zwischenverkauf, H\u00e4ndlermargen oder kostspielige Markenpositionierungen!<\/strong><\/p>\n<p>Der Wedding Pen Platinum Edition verk\u00f6rpert all das was auch Ihre Beziehung charakterisiert. Reinheit, Erhabenheit, Glanz und Echtheit.<\/p>\n<p>Schon beim ersten betrachten ist sofort erkennbar, dass dieses Schreibger\u00e4t f\u00fcr einen besonderen Zweck entworfen wurde \u2013 eure Hochzeit. Beim Design haben wir uns an der Optik der Braut orientiert. Die aufwendige mehrschichtige Lackierung in zartem Perlwei\u00df und als Grundmaterial massives Messing, \u00fcberzogen mit reinem Platin.<\/p>\n<p>Die Verschlusskappe verziert mit einem aufwendigen barocken Spitzenmuster, vollendet mit einer Krone und einem amethystfarbenen Kristall von Swarovski.<\/p>\n<\/div>\n","protected":false},"featured_media":56,"template":"","meta":{"_seopress_robots_primary_cat":"","_seopress_titles_title":"","_seopress_titles_desc":"","_seopress_robots_index":""},"product_brand":[],"product_cat":[346],"product_tag":[],"class_list":{"0":"post-1295","1":"product","2":"type-product","3":"status-publish","4":"has-post-thumbnail","6":"product_cat-wedding-pen-de","8":"first","9":"instock","10":"taxable","11":"shipping-taxable","12":"purchasable","13":"product-type-simple"},"lang":"de","translations":{"de":1295,"hr":1296,"en":1297},"pll_sync_post":[],"_links":{"self":[{"href":"https:\/\/www.theweddingpen.com\/index.php?rest_route=\/wp\/v2\/product\/1295","targetHints":{"allow":["GET"]}}],"collection":[{"href":"https:\/\/www.theweddingpen.com\/index.php?rest_route=\/wp\/v2\/product"}],"about":[{"href":"https:\/\/www.theweddingpen.com\/index.php?rest_route=\/wp\/v2\/types\/product"}],"wp:featuredmedia":[{"embeddable":true,"href":"https:\/\/www.theweddingpen.com\/index.php?rest_route=\/wp\/v2\/media\/56"}],"wp:attachment":[{"href":"https:\/\/www.theweddingpen.com\/index.php?rest_route=%2Fwp%2Fv2%2Fmedia&parent=1295"}],"wp:term":[{"taxonomy":"product_brand","embeddable":true,"href":"https:\/\/www.theweddingpen.com\/index.php?rest_route=%2Fwp%2Fv2%2Fproduct_brand&post=1295"},{"taxonomy":"product_cat","embeddable":true,"href":"https:\/\/www.theweddingpen.com\/index.php?rest_route=%2Fwp%2Fv2%2Fproduct_cat&post=1295"},{"taxonomy":"product_tag","embeddable":true,"href":"https:\/\/www.theweddingpen.com\/index.php?rest_route=%2Fwp%2Fv2%2Fproduct_tag&post=1295"}],"curies":[{"name":"wp","href":"https:\/\/api.w.org\/{rel}","templated":true}]}}