{"id":1293,"date":"2023-02-10T11:42:35","date_gmt":"2023-02-10T11:42:35","guid":{"rendered":"https:\/\/www.theweddingpen.com\/?post_type=product&#038;p=1293"},"modified":"2025-09-27T20:42:37","modified_gmt":"2025-09-27T20:42:37","slug":"wedding-pen-zlatna-verzija","status":"publish","type":"product","link":"https:\/\/www.theweddingpen.com\/?product=wedding-pen-zlatna-verzija&lang=hr","title":{"rendered":"Wedding Pen zlatna verzija"},"content":{"rendered":"<div id=\"tab-description\" class=\"panel entry-content\">\n<p>Bijela boja \u2013 kao simbol svetosti i cisto\u0107e braka \u2013 je temeljna boja za Wedding Pen. U razli\u010ditim slo\u017eenim koracima u na\u0161oj tvornici se stavlja specijalna nijansa \u201epearl-white\u201c. Vi\u0161estruki slojevi i nekoliko puta poliranje povr\u0161ine su potrebne kako bi se boja sijala.<\/p>\n<p>Na poklopac (kapa penkala) na\u0161eg Wedding Pen-a ugraviran je uzorak koji podsje\u0107a na \u010dipke tkanina na vjen\u010danici.<\/p>\n<p>Kao \u0161to vrijedna ogrlica pristaje na vratu mladenke, tako se lijepo uklapa klip Wedding Pen-a na poklopac penkala.<\/p>\n<p>Na drugi pogled, mo\u017eete vidjeti skriveni element na\u0161eg dizajna. Klip penkale odozgo gledano predo\u010dava srce. Kao dovr\u0161etak klipa mo\u017ee se uo\u010diti jedan posebno bru\u0161eni kamen u obliku suze. Svi kameni koji se koriste za Wedding Pen su iz ekskluzivne kolekcije \u201cCrystals by Swarovski\u201d.<\/p>\n<p>Sredi\u0161nji dio Wedding Pen-a su dva prstena, koja podsje\u0107aju na vjen\u010dano prstenje. Oni su ukra\u0161eni imenima bra\u010dnog para i njihovog datuma vjen\u010danja. Time Wedding Pen postaje ono sto prvo ujedinjeno nosi imena oba supru\u017enika a imena i datum su za sva vremena sa\u010duvani.<\/p>\n<p>Wedding Pen je proizveden u iznimnoj kvaliteti, od tradicionalne tvrtke iz grada zlata \u2013 Pforzheim.<\/p>\n<p>U \u010dast ove slavne i tradicionalne proizvodnje nakita, satova, vjen\u010danog prstenja i finih pisarskih instrumenata, svaki od na\u0161ih proizvoda okrunjen je nakon uspje\u0161nog testiranja kvalitete jednim pravim dijamantom. Ovaj dijamant jam\u010di da je proizvod najvi\u0161e kvalitete. Dijamant se nalazi na dnu Wedding Pen-a zajedno s na\u0161im za\u0161titnim znakom, srcem okrunjenim LK za Lila Krone.<\/p>\n<p>Wedding Pen je tako\u0111er idealan poklon za vjen\u010danje.<\/p>\n<p>Budu\u0107i da svaki Wedding Pen nosi serijski broj, dodjeljen je u na\u0161em sustavu mladencima. Ovim se onemogu\u0107uje da se Wedding Pen dobije dva puta.<\/p>\n<p>Osim toga, donatori Wedding Pen-a utvr\u0111uju si mali spomenik, jer \u0107e taj poklon mladenci \u0107uvati ostatak \u017eivota \u2013 a mo\u017eda \u0107e ga jednog dana pokloniti sljede\u0107oj generaciji.<\/p>\n<p>Budu\u0107i da smo potpuno uvjereni u kvalitetu i izradu, dajemo vam na Wedding pen garanciju u razdoblju od 10 godina od datuma proizvodnje.<br \/>\n<strong><br \/>\nVA\u017dNO: Nakon narud\u017ebe dobit \u0107ete e-mail zbog preciziranja teksta za graviranje. Stoga molimo da prilikom naru\u010divanja upi\u0161ete valjanu e-mail adresu! Imajte na umu da mo\u017ee potrajati i do 14 radnih dana kako bi dovr\u0161ili va\u0161 Wedding Pen.<\/strong><\/p>\n<div id=\"tab-description\" class=\"panel entry-content\"><\/div>\n<\/div>\n","protected":false},"excerpt":{"rendered":"<p><strong><em>Izravna prodaja od proizvo\u0111a\u010da \u2013<br \/>\nbez me\u0111uprodaje, trgova\u010dkih mar\u017ei ili skupog pozicioniranja marke!<\/em><\/strong><\/p>\n<p>Wedding Pen zlatna verzija utjelovljuje sve ono \u0161to karakterizira va\u0161 odnos. \u010cisto\u0107a, veli\u010danstvo, sjaj i autenti\u010dnost. Pri prvom pogledu je odmah jasno da je ovaj pisarski instrument za odre\u0111enu svrhu \u2013 Va\u0161e vjen\u010danje.<\/p>\n","protected":false},"featured_media":66,"template":"","meta":{"_seopress_robots_primary_cat":"none","_seopress_titles_title":"","_seopress_titles_desc":"","_seopress_robots_index":""},"product_brand":[],"product_cat":[348],"product_tag":[],"class_list":{"0":"post-1293","1":"product","2":"type-product","3":"status-publish","4":"has-post-thumbnail","6":"product_cat-wedding-pen-hr","8":"first","9":"instock","10":"taxable","11":"shipping-taxable","12":"purchasable","13":"product-type-simple"},"lang":"hr","translations":{"hr":1293,"de":1292,"en":1294},"pll_sync_post":[],"_links":{"self":[{"href":"https:\/\/www.theweddingpen.com\/index.php?rest_route=\/wp\/v2\/product\/1293","targetHints":{"allow":["GET"]}}],"collection":[{"href":"https:\/\/www.theweddingpen.com\/index.php?rest_route=\/wp\/v2\/product"}],"about":[{"href":"https:\/\/www.theweddingpen.com\/index.php?rest_route=\/wp\/v2\/types\/product"}],"wp:featuredmedia":[{"embeddable":true,"href":"https:\/\/www.theweddingpen.com\/index.php?rest_route=\/wp\/v2\/media\/66"}],"wp:attachment":[{"href":"https:\/\/www.theweddingpen.com\/index.php?rest_route=%2Fwp%2Fv2%2Fmedia&parent=1293"}],"wp:term":[{"taxonomy":"product_brand","embeddable":true,"href":"https:\/\/www.theweddingpen.com\/index.php?rest_route=%2Fwp%2Fv2%2Fproduct_brand&post=1293"},{"taxonomy":"product_cat","embeddable":true,"href":"https:\/\/www.theweddingpen.com\/index.php?rest_route=%2Fwp%2Fv2%2Fproduct_cat&post=1293"},{"taxonomy":"product_tag","embeddable":true,"href":"https:\/\/www.theweddingpen.com\/index.php?rest_route=%2Fwp%2Fv2%2Fproduct_tag&post=1293"}],"curies":[{"name":"wp","href":"https:\/\/api.w.org\/{rel}","templated":true}]}}