{"id":1292,"date":"2023-02-10T11:33:11","date_gmt":"2023-02-10T11:33:11","guid":{"rendered":"https:\/\/www.theweddingpen.com\/?post_type=product&#038;p=1292"},"modified":"2023-02-13T15:43:50","modified_gmt":"2023-02-13T15:43:50","slug":"wedding-pen-gold-edition","status":"publish","type":"product","link":"https:\/\/www.theweddingpen.com\/?product=wedding-pen-gold-edition","title":{"rendered":"Wedding Pen Gold Edition"},"content":{"rendered":"<div id=\"tab-description\" class=\"panel entry-content\">\n<p>GOLD EDITION<\/p>\n<p>Gold steht aufgrund seines Sonnenglanzes seit jeher f\u00fcr Exklusivit\u00e4t und Luxus. Eben diese Sch\u00f6nheit strahlt der Wedding Pen in der Gold Edition aus. In Verbindung mit dem an Mikado-Seide angelehnten schimmernden Lack kommen die Details die beiden funkelnden amethystfarbenen Kristalle von Swarovski oder die goldene Krone, perfekt zur Geltung.<\/p>\n<p>Das aufwendig gravierte barocke Spitzenmuster auf der massiven Verschlusskappe gibt dem Stift eine Prise Ornamentik und schafft einen romantischen Look.<br \/>\nF\u00fcr das Paar mit dem gewissen etwas, welches Ihre pers\u00f6nliche M\u00e4rchenhochzeit feiern m\u00f6chte ist der Wedding Pen das absolute Must-have um der Traumhochzeit eine ganz pers\u00f6nliche Note zu geben.<br \/>\nTrotz der vielen glamour\u00f6sen Details und Verzierungen bleibt das Design elegant und zeitlos sch\u00f6n.<\/p>\n<p>Da dieser besondere und edle Kugelschreiber der absolute Blickfang ist, bietet er sich als ideales Geschenk von der besten Freundin, Trauzeugin, den Brautjungfern oder den Eltern an. Ein personalisiertes Geschenk, das durch einen Moment f\u00fcr die Ewigkeit aufbewahrt und so \u00fcber die Jahre zum Liebhaberst\u00fcck wird. Kein anderes Hochzeitsgeschenk erinnert auch nach vielen Jahren, bei der Silbernen oder Goldenen Hochzeit, an den sch\u00f6nsten Tag des Lebens und an den Schenkenden.<\/p>\n<p>Bei der Herstellung werden nur die besten Materialien verwendet um h\u00f6chste Qualit\u00e4t zu garantieren. Der Wedding Pen wird ausschlie\u00dflich und vollst\u00e4ndig in Deutschland gefertigt und tr\u00e4gt daher zurecht das Pr\u00e4dikat 100% Made in Germany.<\/p>\n<p>Eben ein Stift f\u00fcr die Ewigkeit.<\/p>\n<p>Da jeder Wedding Pen mit einer Seriennummer versehen ist, wird er systemseitig dem Brautpaar zugewiesen. Dadurch ist ausgeschlossen, dass ein Paar den Wedding Pen doppelt erh\u00e4lt.<\/p>\n<p>Da wir von der Qualit\u00e4t und Verarbeitung absolut \u00fcberzeugt sind, gew\u00e4hren wir auf den Wedding Pen eine Garantie von 10 Jahren ab Herstellungsdatum.<\/p>\n<p>&nbsp;<\/p>\n<p><strong>WICHTIG: Im Bestellprozess haben Sie die M\u00f6glichkeit uns Ihre Gravurdaten mitzuteilen. Zur Korrektur bzw. f\u00fcr R\u00fcckfragen geben Sie uns unbedingt bei der Bestellung eine g\u00fcltige E-Mailadresse an! Bitte beachten Sie auch, dass die Fertigung Ihres Wedding Pen bis zu 14 Werktage in Anspruch nehmen kann.<\/strong><\/p>\n<\/div>\n","protected":false},"excerpt":{"rendered":"<div>\n<p><strong><em>Direktverkauf vom Hersteller<\/em> \u2013<br \/>\nohne Zwischenverkauf, H\u00e4ndlermargen oder kostspielige Markenpositionierungen!<\/strong><\/p>\n<p>Der Wedding Pen Gold Edition verk\u00f6rpert all das was auch eine Beziehung charakterisiert. Reinheit, Erhabenheit, Glanz und Echtheit. Schon beim ersten betrachten ist sofort erkennbar, dass dieses Schreibger\u00e4t f\u00fcr einen besonderen Zweck entworfen wurde \u2013 die Hochzeit.<\/p>\n<\/div>\n","protected":false},"featured_media":66,"template":"","meta":{"_seopress_robots_primary_cat":"","_seopress_titles_title":"","_seopress_titles_desc":"","_seopress_robots_index":""},"product_brand":[],"product_cat":[346],"product_tag":[],"class_list":{"0":"post-1292","1":"product","2":"type-product","3":"status-publish","4":"has-post-thumbnail","6":"product_cat-wedding-pen-de","8":"first","9":"instock","10":"taxable","11":"shipping-taxable","12":"purchasable","13":"product-type-simple"},"lang":"de","translations":{"de":1292,"hr":1293,"en":1294},"pll_sync_post":[],"_links":{"self":[{"href":"https:\/\/www.theweddingpen.com\/index.php?rest_route=\/wp\/v2\/product\/1292","targetHints":{"allow":["GET"]}}],"collection":[{"href":"https:\/\/www.theweddingpen.com\/index.php?rest_route=\/wp\/v2\/product"}],"about":[{"href":"https:\/\/www.theweddingpen.com\/index.php?rest_route=\/wp\/v2\/types\/product"}],"wp:featuredmedia":[{"embeddable":true,"href":"https:\/\/www.theweddingpen.com\/index.php?rest_route=\/wp\/v2\/media\/66"}],"wp:attachment":[{"href":"https:\/\/www.theweddingpen.com\/index.php?rest_route=%2Fwp%2Fv2%2Fmedia&parent=1292"}],"wp:term":[{"taxonomy":"product_brand","embeddable":true,"href":"https:\/\/www.theweddingpen.com\/index.php?rest_route=%2Fwp%2Fv2%2Fproduct_brand&post=1292"},{"taxonomy":"product_cat","embeddable":true,"href":"https:\/\/www.theweddingpen.com\/index.php?rest_route=%2Fwp%2Fv2%2Fproduct_cat&post=1292"},{"taxonomy":"product_tag","embeddable":true,"href":"https:\/\/www.theweddingpen.com\/index.php?rest_route=%2Fwp%2Fv2%2Fproduct_tag&post=1292"}],"curies":[{"name":"wp","href":"https:\/\/api.w.org\/{rel}","templated":true}]}}