{"id":894,"date":"2023-01-19T17:50:32","date_gmt":"2023-01-19T17:50:32","guid":{"rendered":"https:\/\/www.theweddingpen.com\/?page_id=894"},"modified":"2024-10-09T12:36:15","modified_gmt":"2024-10-09T12:36:15","slug":"agbs-2","status":"publish","type":"page","link":"https:\/\/www.theweddingpen.com\/?page_id=894","title":{"rendered":"AGBs"},"content":{"rendered":"\t\t<div data-elementor-type=\"wp-page\" data-elementor-id=\"894\" class=\"elementor elementor-894\">\n\t\t\t\t\t\t<section class=\"elementor-section elementor-top-section elementor-element elementor-element-6182758f elementor-section-height-min-height elementor-section-boxed elementor-section-height-default elementor-section-items-middle\" data-id=\"6182758f\" data-element_type=\"section\" data-settings=\"{&quot;background_background&quot;:&quot;classic&quot;,&quot;shape_divider_bottom&quot;:&quot;wave-brush&quot;}\">\n\t\t\t\t\t\t\t<div class=\"elementor-background-overlay\"><\/div>\n\t\t\t\t\t\t<div class=\"elementor-shape elementor-shape-bottom\" aria-hidden=\"true\" data-negative=\"false\">\n\t\t\t<svg xmlns=\"http:\/\/www.w3.org\/2000\/svg\" viewBox=\"0 0 283.5 27.8\" preserveAspectRatio=\"none\">\n\t<path class=\"elementor-shape-fill\" d=\"M283.5,9.7c0,0-7.3,4.3-14,4.6c-6.8,0.3-12.6,0-20.9-1.5c-11.3-2-33.1-10.1-44.7-5.7\ts-12.1,4.6-18,7.4c-6.6,3.2-20,9.6-36.6,9.3C131.6,23.5,99.5,7.2,86.3,8c-1.4,0.1-6.6,0.8-10.5,2c-3.8,1.2-9.4,3.8-17,4.7\tc-3.2,0.4-8.3,1.1-14.2,0.9c-1.5-0.1-6.3-0.4-12-1.6c-5.7-1.2-11-3.1-15.8-3.7C6.5,9.2,0,10.8,0,10.8V0h283.5V9.7z M260.8,11.3\tc-0.7-1-2-0.4-4.3-0.4c-2.3,0-6.1-1.2-5.8-1.1c0.3,0.1,3.1,1.5,6,1.9C259.7,12.2,261.4,12.3,260.8,11.3z M242.4,8.6\tc0,0-2.4-0.2-5.6-0.9c-3.2-0.8-10.3-2.8-15.1-3.5c-8.2-1.1-15.8,0-15.1,0.1c0.8,0.1,9.6-0.6,17.6,1.1c3.3,0.7,9.3,2.2,12.4,2.7\tC239.9,8.7,242.4,8.6,242.4,8.6z M185.2,8.5c1.7-0.7-13.3,4.7-18.5,6.1c-2.1,0.6-6.2,1.6-10,2c-3.9,0.4-8.9,0.4-8.8,0.5\tc0,0.2,5.8,0.8,11.2,0c5.4-0.8,5.2-1.1,7.6-1.6C170.5,14.7,183.5,9.2,185.2,8.5z M199.1,6.9c0.2,0-0.8-0.4-4.8,1.1\tc-4,1.5-6.7,3.5-6.9,3.7c-0.2,0.1,3.5-1.8,6.6-3C197,7.5,199,6.9,199.1,6.9z M283,6c-0.1,0.1-1.9,1.1-4.8,2.5s-6.9,2.8-6.7,2.7\tc0.2,0,3.5-0.6,7.4-2.5C282.8,6.8,283.1,5.9,283,6z M31.3,11.6c0.1-0.2-1.9-0.2-4.5-1.2s-5.4-1.6-7.8-2C15,7.6,7.3,8.5,7.7,8.6\tC8,8.7,15.9,8.3,20.2,9.3c2.2,0.5,2.4,0.5,5.7,1.6S31.2,11.9,31.3,11.6z M73,9.2c0.4-0.1,3.5-1.6,8.4-2.6c4.9-1.1,8.9-0.5,8.9-0.8\tc0-0.3-1-0.9-6.2-0.3S72.6,9.3,73,9.2z M71.6,6.7C71.8,6.8,75,5.4,77.3,5c2.3-0.3,1.9-0.5,1.9-0.6c0-0.1-1.1-0.2-2.7,0.2\tC74.8,5.1,71.4,6.6,71.6,6.7z M93.6,4.4c0.1,0.2,3.5,0.8,5.6,1.8c2.1,1,1.8,0.6,1.9,0.5c0.1-0.1-0.8-0.8-2.4-1.3\tC97.1,4.8,93.5,4.2,93.6,4.4z M65.4,11.1c-0.1,0.3,0.3,0.5,1.9-0.2s2.6-1.3,2.2-1.2s-0.9,0.4-2.5,0.8C65.3,10.9,65.5,10.8,65.4,11.1\tz M34.5,12.4c-0.2,0,2.1,0.8,3.3,0.9c1.2,0.1,2,0.1,2-0.2c0-0.3-0.1-0.5-1.6-0.4C36.6,12.8,34.7,12.4,34.5,12.4z M152.2,21.1\tc-0.1,0.1-2.4-0.3-7.5-0.3c-5,0-13.6-2.4-17.2-3.5c-3.6-1.1,10,3.9,16.5,4.1C150.5,21.6,152.3,21,152.2,21.1z\"\/>\n\t<path class=\"elementor-shape-fill\" d=\"M269.6,18c-0.1-0.1-4.6,0.3-7.2,0c-7.3-0.7-17-3.2-16.6-2.9c0.4,0.3,13.7,3.1,17,3.3\tC267.7,18.8,269.7,18,269.6,18z\"\/>\n\t<path class=\"elementor-shape-fill\" d=\"M227.4,9.8c-0.2-0.1-4.5-1-9.5-1.2c-5-0.2-12.7,0.6-12.3,0.5c0.3-0.1,5.9-1.8,13.3-1.2\tS227.6,9.9,227.4,9.8z\"\/>\n\t<path class=\"elementor-shape-fill\" d=\"M204.5,13.4c-0.1-0.1,2-1,3.2-1.1c1.2-0.1,2,0,2,0.3c0,0.3-0.1,0.5-1.6,0.4\tC206.4,12.9,204.6,13.5,204.5,13.4z\"\/>\n\t<path class=\"elementor-shape-fill\" d=\"M201,10.6c0-0.1-4.4,1.2-6.3,2.2c-1.9,0.9-6.2,3.1-6.1,3.1c0.1,0.1,4.2-1.6,6.3-2.6\tS201,10.7,201,10.6z\"\/>\n\t<path class=\"elementor-shape-fill\" d=\"M154.5,26.7c-0.1-0.1-4.6,0.3-7.2,0c-7.3-0.7-17-3.2-16.6-2.9c0.4,0.3,13.7,3.1,17,3.3\tC152.6,27.5,154.6,26.8,154.5,26.7z\"\/>\n\t<path class=\"elementor-shape-fill\" d=\"M41.9,19.3c0,0,1.2-0.3,2.9-0.1c1.7,0.2,5.8,0.9,8.2,0.7c4.2-0.4,7.4-2.7,7-2.6\tc-0.4,0-4.3,2.2-8.6,1.9c-1.8-0.1-5.1-0.5-6.7-0.4S41.9,19.3,41.9,19.3z\"\/>\n\t<path class=\"elementor-shape-fill\" d=\"M75.5,12.6c0.2,0.1,2-0.8,4.3-1.1c2.3-0.2,2.1-0.3,2.1-0.5c0-0.1-1.8-0.4-3.4,0\tC76.9,11.5,75.3,12.5,75.5,12.6z\"\/>\n\t<path class=\"elementor-shape-fill\" d=\"M15.6,13.2c0-0.1,4.3,0,6.7,0.5c2.4,0.5,5,1.9,5,2c0,0.1-2.7-0.8-5.1-1.4\tC19.9,13.7,15.7,13.3,15.6,13.2z\"\/>\n<\/svg>\t\t<\/div>\n\t\t\t\t\t<div class=\"elementor-container elementor-column-gap-default\">\n\t\t\t\t\t<div class=\"elementor-column elementor-col-100 elementor-top-column elementor-element elementor-element-bab9251\" data-id=\"bab9251\" data-element_type=\"column\">\n\t\t\t<div class=\"elementor-widget-wrap elementor-element-populated\">\n\t\t\t\t\t\t<div class=\"elementor-element elementor-element-133c3738 elementor-invisible elementor-widget elementor-widget-heading\" data-id=\"133c3738\" data-element_type=\"widget\" data-settings=\"{&quot;_animation&quot;:&quot;zoomIn&quot;}\" data-widget_type=\"heading.default\">\n\t\t\t\t<div class=\"elementor-widget-container\">\n\t\t\t\t\t<h2 class=\"elementor-heading-title elementor-size-default\">AGB - Allgemeine Gesch\u00e4ftsbedingungen<\/h2><style id=\"core-133c3738-core-block-supports-inline-css\"><\/style>\t\t\t\t<\/div>\n\t\t\t\t<\/div>\n\t\t\t\t\t<\/div>\n\t\t<\/div>\n\t\t\t\t\t<\/div>\n\t\t<\/section>\n\t\t\t\t<section class=\"elementor-section elementor-top-section elementor-element elementor-element-39e6741 elementor-section-height-min-height elementor-reverse-mobile elementor-section-boxed elementor-section-height-default elementor-section-items-middle\" data-id=\"39e6741\" data-element_type=\"section\" data-settings=\"{&quot;background_background&quot;:&quot;classic&quot;,&quot;shape_divider_bottom&quot;:&quot;wave-brush&quot;}\">\n\t\t\t\t\t<div class=\"elementor-shape elementor-shape-bottom\" aria-hidden=\"true\" data-negative=\"false\">\n\t\t\t<svg xmlns=\"http:\/\/www.w3.org\/2000\/svg\" viewBox=\"0 0 283.5 27.8\" preserveAspectRatio=\"none\">\n\t<path class=\"elementor-shape-fill\" d=\"M283.5,9.7c0,0-7.3,4.3-14,4.6c-6.8,0.3-12.6,0-20.9-1.5c-11.3-2-33.1-10.1-44.7-5.7\ts-12.1,4.6-18,7.4c-6.6,3.2-20,9.6-36.6,9.3C131.6,23.5,99.5,7.2,86.3,8c-1.4,0.1-6.6,0.8-10.5,2c-3.8,1.2-9.4,3.8-17,4.7\tc-3.2,0.4-8.3,1.1-14.2,0.9c-1.5-0.1-6.3-0.4-12-1.6c-5.7-1.2-11-3.1-15.8-3.7C6.5,9.2,0,10.8,0,10.8V0h283.5V9.7z M260.8,11.3\tc-0.7-1-2-0.4-4.3-0.4c-2.3,0-6.1-1.2-5.8-1.1c0.3,0.1,3.1,1.5,6,1.9C259.7,12.2,261.4,12.3,260.8,11.3z M242.4,8.6\tc0,0-2.4-0.2-5.6-0.9c-3.2-0.8-10.3-2.8-15.1-3.5c-8.2-1.1-15.8,0-15.1,0.1c0.8,0.1,9.6-0.6,17.6,1.1c3.3,0.7,9.3,2.2,12.4,2.7\tC239.9,8.7,242.4,8.6,242.4,8.6z M185.2,8.5c1.7-0.7-13.3,4.7-18.5,6.1c-2.1,0.6-6.2,1.6-10,2c-3.9,0.4-8.9,0.4-8.8,0.5\tc0,0.2,5.8,0.8,11.2,0c5.4-0.8,5.2-1.1,7.6-1.6C170.5,14.7,183.5,9.2,185.2,8.5z M199.1,6.9c0.2,0-0.8-0.4-4.8,1.1\tc-4,1.5-6.7,3.5-6.9,3.7c-0.2,0.1,3.5-1.8,6.6-3C197,7.5,199,6.9,199.1,6.9z M283,6c-0.1,0.1-1.9,1.1-4.8,2.5s-6.9,2.8-6.7,2.7\tc0.2,0,3.5-0.6,7.4-2.5C282.8,6.8,283.1,5.9,283,6z M31.3,11.6c0.1-0.2-1.9-0.2-4.5-1.2s-5.4-1.6-7.8-2C15,7.6,7.3,8.5,7.7,8.6\tC8,8.7,15.9,8.3,20.2,9.3c2.2,0.5,2.4,0.5,5.7,1.6S31.2,11.9,31.3,11.6z M73,9.2c0.4-0.1,3.5-1.6,8.4-2.6c4.9-1.1,8.9-0.5,8.9-0.8\tc0-0.3-1-0.9-6.2-0.3S72.6,9.3,73,9.2z M71.6,6.7C71.8,6.8,75,5.4,77.3,5c2.3-0.3,1.9-0.5,1.9-0.6c0-0.1-1.1-0.2-2.7,0.2\tC74.8,5.1,71.4,6.6,71.6,6.7z M93.6,4.4c0.1,0.2,3.5,0.8,5.6,1.8c2.1,1,1.8,0.6,1.9,0.5c0.1-0.1-0.8-0.8-2.4-1.3\tC97.1,4.8,93.5,4.2,93.6,4.4z M65.4,11.1c-0.1,0.3,0.3,0.5,1.9-0.2s2.6-1.3,2.2-1.2s-0.9,0.4-2.5,0.8C65.3,10.9,65.5,10.8,65.4,11.1\tz M34.5,12.4c-0.2,0,2.1,0.8,3.3,0.9c1.2,0.1,2,0.1,2-0.2c0-0.3-0.1-0.5-1.6-0.4C36.6,12.8,34.7,12.4,34.5,12.4z M152.2,21.1\tc-0.1,0.1-2.4-0.3-7.5-0.3c-5,0-13.6-2.4-17.2-3.5c-3.6-1.1,10,3.9,16.5,4.1C150.5,21.6,152.3,21,152.2,21.1z\"\/>\n\t<path class=\"elementor-shape-fill\" d=\"M269.6,18c-0.1-0.1-4.6,0.3-7.2,0c-7.3-0.7-17-3.2-16.6-2.9c0.4,0.3,13.7,3.1,17,3.3\tC267.7,18.8,269.7,18,269.6,18z\"\/>\n\t<path class=\"elementor-shape-fill\" d=\"M227.4,9.8c-0.2-0.1-4.5-1-9.5-1.2c-5-0.2-12.7,0.6-12.3,0.5c0.3-0.1,5.9-1.8,13.3-1.2\tS227.6,9.9,227.4,9.8z\"\/>\n\t<path class=\"elementor-shape-fill\" d=\"M204.5,13.4c-0.1-0.1,2-1,3.2-1.1c1.2-0.1,2,0,2,0.3c0,0.3-0.1,0.5-1.6,0.4\tC206.4,12.9,204.6,13.5,204.5,13.4z\"\/>\n\t<path class=\"elementor-shape-fill\" d=\"M201,10.6c0-0.1-4.4,1.2-6.3,2.2c-1.9,0.9-6.2,3.1-6.1,3.1c0.1,0.1,4.2-1.6,6.3-2.6\tS201,10.7,201,10.6z\"\/>\n\t<path class=\"elementor-shape-fill\" d=\"M154.5,26.7c-0.1-0.1-4.6,0.3-7.2,0c-7.3-0.7-17-3.2-16.6-2.9c0.4,0.3,13.7,3.1,17,3.3\tC152.6,27.5,154.6,26.8,154.5,26.7z\"\/>\n\t<path class=\"elementor-shape-fill\" d=\"M41.9,19.3c0,0,1.2-0.3,2.9-0.1c1.7,0.2,5.8,0.9,8.2,0.7c4.2-0.4,7.4-2.7,7-2.6\tc-0.4,0-4.3,2.2-8.6,1.9c-1.8-0.1-5.1-0.5-6.7-0.4S41.9,19.3,41.9,19.3z\"\/>\n\t<path class=\"elementor-shape-fill\" d=\"M75.5,12.6c0.2,0.1,2-0.8,4.3-1.1c2.3-0.2,2.1-0.3,2.1-0.5c0-0.1-1.8-0.4-3.4,0\tC76.9,11.5,75.3,12.5,75.5,12.6z\"\/>\n\t<path class=\"elementor-shape-fill\" d=\"M15.6,13.2c0-0.1,4.3,0,6.7,0.5c2.4,0.5,5,1.9,5,2c0,0.1-2.7-0.8-5.1-1.4\tC19.9,13.7,15.7,13.3,15.6,13.2z\"\/>\n<\/svg>\t\t<\/div>\n\t\t\t\t\t<div class=\"elementor-container elementor-column-gap-default\">\n\t\t\t\t\t<div class=\"elementor-column elementor-col-100 elementor-top-column elementor-element elementor-element-1d9fa530\" data-id=\"1d9fa530\" data-element_type=\"column\">\n\t\t\t<div class=\"elementor-widget-wrap elementor-element-populated\">\n\t\t\t\t\t\t<div class=\"elementor-element elementor-element-1d89b72b elementor-invisible elementor-widget elementor-widget-text-editor\" data-id=\"1d89b72b\" data-element_type=\"widget\" data-settings=\"{&quot;_animation&quot;:&quot;zoomIn&quot;}\" data-widget_type=\"text-editor.default\">\n\t\t\t\t<div class=\"elementor-widget-container\">\n\t\t\t\t\t\t\t\t\t<div class=\"\">\n<h3 class=\"p_tc\">\u00a71 Geltungsbereich &amp; Anbieterkennzeichnung<\/h3>\n<p class=\"p_tc\">(1) F\u00fcr Online-Warenbestellungen&nbsp;gelten ausschlie\u00dflich die nachfolgenden Allgemeinen Gesch\u00e4ftsbedingungen der<\/p>\n<p class=\"p_tc\">Lila Krone GmbH,<br>Lotthammerstr. 6,<br>75172 Pforzheim,<br>Deutschland<br>E-Mail: <a href=\"mailto:info@lilakrone.de\"><span style=\"color: #754599;\">info@lilakrone.de<\/span><\/a><\/p>\n<p>Registergericht: Amtsgericht Mannheim HRB 718235<br>USt-ID: DE292223068<br>Gesch\u00e4ftsf\u00fchrung: Daniel Stenta, Christian Stenta<\/p>\n<p>(2) Es gilt die jeweils zum Zeitpunkt der Bestellung g\u00fcltige Fassung dieser AGB.<\/p>\n<p><strong>&nbsp;<\/strong><\/p>\n<h3 class=\"p_tc\">\u00a72 Zustandekommen des Vertrags<\/h3>\n<p class=\"p_tc\">Mit Ihrer Bestellung geben Sie ein verbindliches Angebot an uns ab, einen Vertrag mit Ihnen zu schlie\u00dfen. Mit der Zusendung einer Auftragsbest\u00e4tigung per E-Mail an Sie oder der Lieferung der bestellten Ware k\u00f6nnen wir dieses Angebot annehmen. Zun\u00e4chst erhalten Sie eine Best\u00e4tigung des Eingangs Ihrer Bestellung per E-Mail an die von Ihnen angegebene E-Mail-Adresse (Bestellbest\u00e4tigung). Ein Kaufvertrag kommt jedoch erst mit dem Versand unserer Auftragsbest\u00e4tigung per E-Mail an Sie oder mit der Lieferung der bestellten Ware zustande. Bei der Bestellung \u00fcber unseren Onlineshop umfasst der Bestellvorgang insgesamt vier Schritte. Im ersten Schritt w\u00e4hlen Sie die gew\u00fcnschten Waren aus. Im zweiten Schritt geben Sie Ihre Kundendaten einschlie\u00dflich Rechnungsanschrift und ggf. abweichender Lieferanschrift ein. Im dritten Schritt w\u00e4hlen Sie, wie Sie bezahlen m\u00f6chten. Im letzten Schritt haben Sie die M\u00f6glichkeit, s\u00e4mtliche Angaben (z.B. Name, Anschrift, Zahlungsweise, bestellte Artikel) noch einmal zu \u00fcberpr\u00fcfen und ggf. zu korrigieren, bevor Sie Ihre Bestellung durch Klicken auf \u2018Kostenpflichtig bestellen\u2019 an uns absenden.<\/p>\n<p class=\"p_tc\"><strong>&nbsp;<\/strong><\/p>\n<h3 class=\"p_tc\">\u00a73 Speicherung des Vertragstextes<\/h3>\n<p class=\"p_tc\">Den Vertragstext Ihrer Bestellung speichern wir. Sie k\u00f6nnen diesen vor der Versendung Ihrer Bestellung an uns ausdrucken, indem Sie im letzten Schritt der Bestellung auf \u201cDrucken\u201d klicken. Wir senden Ihnen au\u00dferdem eine Bestellbest\u00e4tigung sowie eine Auftragsbest\u00e4tigung mit allen Bestelldaten und unseren Allgemeinen Gesch\u00e4ftsbedingungen an die von Ihnen angegebene E-Mail-Adresse.<\/p>\n<p class=\"p_tc\"><strong>&nbsp;<\/strong><\/p>\n<h3 class=\"p_tc\">\u00a74 Eigentumsvorbehalt<\/h3>\n<p class=\"p_tc\">Die gelieferte Ware bleibt bis zur vollst\u00e4ndigen Bezahlung aller Forderungen unser Eigentum.<\/p>\n<p class=\"p_tc\"><strong>&nbsp;<\/strong><\/p>\n<h3 class=\"p_tc\">\u00a75 Preise, Versandkosten, R\u00fccksendekosten bei Widerruf<\/h3>\n<p class=\"p_tc\">Alle Preise sind Endpreise, sie enthalten die gesetzliche Mehrwertsteuer. Es gibt keinen Mindestbestellwert.<\/p>\n<p class=\"p_tc\"><strong>&nbsp;<\/strong><\/p>\n<h3 class=\"p_tc\">\u00a76&nbsp;Lieferbedingungen<\/h3>\n<p class=\"p_tc\">Als Lieferzeiten gelten die beim Angebot angegebenen Lieferzeiten, diese beginnen mit Zahlungseingang.<\/p>\n<p class=\"p_tc\"><strong>&nbsp;<\/strong><\/p>\n<h3 class=\"p_tc\">\u00a77 Zahlungsbedingungen<\/h3>\n<p class=\"p_tc\">Die Zahlung erfolgt wahlweise per Vorkasse durch Vorab-\u00dcberweisung, Kreditkarte oder per Bezahlung durch Servicedienstleiter (paypal, amazon payments, .) . Wir behalten uns vor, einzelne Zahlungsarten auszuschlie\u00dfen. Bei Wahl der Zahlungsart Vorkasse nennen wir Ihnen die Bankverbindung in der Auftragsbest\u00e4tigung. Der Rechnungsbetrag ist binnen 10 Tagen auf unser Konto zu \u00fcberweisen.<\/p>\n<p class=\"p_tc\"><strong>&nbsp;<\/strong><\/p>\n<h3 class=\"p_tc\">\u00a78 Gew\u00e4hrleistung<\/h3>\n<p class=\"p_tc\">Die Gew\u00e4hrleistung richtet sich nach den gesetzlichen Bestimmungen. Dar\u00fcber hinaus gew\u00e4hren wir auf unserem Wedding Pen eine Gew\u00e4hrleistung von 10 Jahre.<\/p>\n<p class=\"p_tc\"><strong>&nbsp;<\/strong><\/p>\n<h3 class=\"p_tc\">\u00a79 Datenschutz<\/h3>\n<p class=\"p_tc\">Bei Anbahnung, Abschluss, Abwicklung und R\u00fcckabwicklung eines Kaufvertrages werden von uns Daten im Rahmen der gesetzlichen Bestimmungen erhoben, gespeichert und verarbeitet.<\/p>\n<p class=\"p_tc\">Beim Besuch unseres Internetangebots werden die aktuell von Ihrem PC verwendete IP-Adresse, Datum und Uhrzeit, der Browsertyp und das Betriebssystem Ihres PC sowie die von Ihnen betrachteten Seiten protokolliert. R\u00fcckschl\u00fcsse auf personenbezogene Daten sind uns damit jedoch nicht m\u00f6glich und auch nicht beabsichtigt.Die personenbezogenen Daten, die Sie uns z. B. bei einer Bestellung oder per E-Mail mitteilen (z. B. Ihr Name und Ihre Kontaktdaten), werden nur zur Korrespondenz mit Ihnen und nur f\u00fcr den Zweck verarbeitet, zu dem Sie uns die Daten zur Verf\u00fcgung gestellt haben. Wir geben Ihre Daten nur an das mit der Lieferung beauftragte Versandunternehmen weiter, soweit dies zur Lieferung der Waren notwendig ist. Zur Abwicklung von Zahlungen geben wir Ihre Zahlungsdaten an das mit der Zahlung beauftragte Kreditinstitut weiter. Wir versichern, dass wir Ihre personenbezogenen Daten im \u00fcbrigen nicht an Dritte weitergeben, es sei denn, dass wir dazu gesetzlich verpflichtet w\u00e4ren oder Sie vorher ausdr\u00fccklich eingewilligt haben. Soweit wir zur Durchf\u00fchrung und Abwicklung von Verarbeitungsprozessen Dienstleistungen Dritter in Anspruch nehmen, werden die Bestimmungen des Bundesdatenschutzgesetzes eingehalten.<\/p>\n<p class=\"p_tc\"><strong>Dauer der Speicherung<\/strong><\/p>\n<p class=\"p_tc\">Personenbezogene Daten, die uns \u00fcber unsere Website mitgeteilt worden sind, werden nur so lange gespeichert, bis der Zweck erf\u00fcllt ist, zu dem sie uns anvertraut wurden. Soweit handels- und steuerrechtliche Aufbewahrungsfristen zu beachten sind, kann die Dauer der Speicherung bestimmter Daten bis zu 10 Jahre betragen.<\/p>\n<p class=\"p_tc\"><strong>Ihre Rechte<\/strong><\/p>\n<p class=\"p_tc\">Sollten Sie mit der Speicherung Ihrer personenbezogenen Daten nicht mehr einverstanden oder diese unrichtig geworden sein, werden wir auf eine entsprechende Weisung hin im Rahmen der gesetzlichen Bestimmungen die L\u00f6schung, Korrektur oder Sperrung Ihrer Daten veranlassen. Auf Wunsch erhalten Sie unentgeltlich Auskunft \u00fcber alle personenbezogenen Daten, die wir \u00fcber Sie gespeichert haben. Bei Fragen zur Erhebung, Verarbeitung oder Nutzung Ihrer personenbezogenen Daten, f\u00fcr Ausk\u00fcnfte, Berichtigung, Sperrung oder L\u00f6schung von Daten wenden Sie sich bitte an:<\/p>\n<p>Lila Krone GmbH,<br>Lotthammerstr. 6,<br>75172 Pforzheim,<br>Email: <a href=\"mailto:info@lilakrone.de\"><span style=\"color: #754599;\">info@lilakrone.de<\/span><\/a><\/p>\n<p class=\"p_tc\"><strong>Links auf andere Internetseiten<\/strong><\/p>\n<p class=\"p_tc\">Soweit wir von unserem Internetangebot auf die Webseiten Dritter verweisen oder verlinken, k\u00f6nnen wir keine Gew\u00e4hr und Haftung f\u00fcr die Richtigkeit bzw. Vollst\u00e4ndigkeit der Inhalte und die Datensicherheit dieser Websites \u00fcbernehmen. Da wir keinen Einfluss auf die Einhaltung datenschutzrechtlicher Bestimmungen durch Dritte haben, sollten Sie die jeweils angebotenen Datenschutzerkl\u00e4rungen gesondert pr\u00fcfen.<strong>&nbsp;<\/strong><\/p>\n<p class=\"p_tc\"><strong>&nbsp;<\/strong><\/p>\n<h3 class=\"p_tc\">\u00a710 Widerruf<\/h3>\n<p class=\"p_tc\">F\u00fcr Lieferung von Waren, die nach Kundenspezifikationen angefertigt werden, besteht kein Widerrufsrecht. Der Widerruf ist insoweit nach \u00a7 312g Abs. 2 Nr. 1 BGB ausgeschlossen. Dies trifft vor allem bei der individuellen Anfertigung des Wedding Pens zu, da hier Ihre Namen eingraviert werden und somit das Schreibger\u00e4t nur f\u00fcr Sie angefertigt wird und anderweitig nicht mehr verwendbar ist.<\/p>\n<p class=\"p_tc\"><strong>&nbsp;<\/strong><\/p>\n<h3 class=\"p_tc\">\u00a711 Anwendbares Recht<\/h3>\n<p class=\"p_tc\">Es gilt ausschlie\u00dflich deutsches Recht. Gegen\u00fcber einem Verbraucher gilt diese Rechtswahl nur insoweit, als dadurch keine zwingenden gesetzlichen Bestimmungen des Staates, in dem er seinen Wohnsitz oder gew\u00f6hnlichen Aufenthalt hat, eingeschr\u00e4nkt werden.<\/p>\n<\/div>\t\t\t\t<style id=\"core-1d89b72b-core-block-supports-inline-css\"><\/style>\t\t\t\t<\/div>\n\t\t\t\t<\/div>\n\t\t\t\t\t<\/div>\n\t\t<\/div>\n\t\t\t\t\t<\/div>\n\t\t<\/section>\n\t\t\t\t<\/div>\n\t\t","protected":false},"excerpt":{"rendered":"<p>AGB &#8211; Allgemeine Gesch\u00e4ftsbedingungen \u00a71 Geltungsbereich &amp; Anbieterkennzeichnung (1) F\u00fcr Online-Warenbestellungen&nbsp;gelten ausschlie\u00dflich die nachfolgenden Allgemeinen Gesch\u00e4ftsbedingungen der Lila Krone GmbH,Lotthammerstr. 6,75172 Pforzheim,DeutschlandE-Mail: info@lilakrone.de Registergericht: Amtsgericht Mannheim HRB 718235USt-ID: DE292223068Gesch\u00e4ftsf\u00fchrung: Daniel Stenta, Christian Stenta (2) Es gilt die jeweils zum Zeitpunkt der Bestellung g\u00fcltige Fassung dieser AGB. &nbsp; \u00a72 Zustandekommen des Vertrags Mit Ihrer Bestellung geben [&hellip;]<\/p>\n","protected":false},"author":1,"featured_media":0,"parent":0,"menu_order":0,"comment_status":"closed","ping_status":"closed","template":"elementor_header_footer","meta":{"_seopress_robots_primary_cat":"","_seopress_titles_title":"","_seopress_titles_desc":"","_seopress_robots_index":"","footnotes":""},"class_list":["post-894","page","type-page","status-publish","hentry"],"blocksy_meta":{"styles_descriptor":{"styles":{"desktop":"","tablet":"","mobile":""},"google_fonts":[],"version":6}},"lang":"de","translations":{"de":894,"en":906,"hr":917},"pll_sync_post":[],"_links":{"self":[{"href":"https:\/\/www.theweddingpen.com\/index.php?rest_route=\/wp\/v2\/pages\/894","targetHints":{"allow":["GET"]}}],"collection":[{"href":"https:\/\/www.theweddingpen.com\/index.php?rest_route=\/wp\/v2\/pages"}],"about":[{"href":"https:\/\/www.theweddingpen.com\/index.php?rest_route=\/wp\/v2\/types\/page"}],"author":[{"embeddable":true,"href":"https:\/\/www.theweddingpen.com\/index.php?rest_route=\/wp\/v2\/users\/1"}],"replies":[{"embeddable":true,"href":"https:\/\/www.theweddingpen.com\/index.php?rest_route=%2Fwp%2Fv2%2Fcomments&post=894"}],"version-history":[{"count":3,"href":"https:\/\/www.theweddingpen.com\/index.php?rest_route=\/wp\/v2\/pages\/894\/revisions"}],"predecessor-version":[{"id":1865,"href":"https:\/\/www.theweddingpen.com\/index.php?rest_route=\/wp\/v2\/pages\/894\/revisions\/1865"}],"wp:attachment":[{"href":"https:\/\/www.theweddingpen.com\/index.php?rest_route=%2Fwp%2Fv2%2Fmedia&parent=894"}],"curies":[{"name":"wp","href":"https:\/\/api.w.org\/{rel}","templated":true}]}}