{"id":784,"date":"2023-01-19T09:32:11","date_gmt":"2023-01-19T09:32:11","guid":{"rendered":"https:\/\/www.theweddingpen.com\/?page_id=784"},"modified":"2024-10-09T11:27:57","modified_gmt":"2024-10-09T11:27:57","slug":"faq-3","status":"publish","type":"page","link":"https:\/\/www.theweddingpen.com\/?page_id=784","title":{"rendered":"FAQ"},"content":{"rendered":"\t\t<div data-elementor-type=\"wp-page\" data-elementor-id=\"784\" class=\"elementor elementor-784\">\n\t\t\t\t\t\t<section class=\"elementor-section elementor-top-section elementor-element elementor-element-8a5ea3d elementor-section-height-min-height elementor-section-boxed elementor-section-height-default elementor-section-items-middle\" data-id=\"8a5ea3d\" data-element_type=\"section\" data-settings=\"{&quot;background_background&quot;:&quot;classic&quot;,&quot;shape_divider_bottom&quot;:&quot;wave-brush&quot;}\">\n\t\t\t\t\t\t\t<div class=\"elementor-background-overlay\"><\/div>\n\t\t\t\t\t\t<div class=\"elementor-shape elementor-shape-bottom\" aria-hidden=\"true\" data-negative=\"false\">\n\t\t\t<svg xmlns=\"http:\/\/www.w3.org\/2000\/svg\" viewBox=\"0 0 283.5 27.8\" preserveAspectRatio=\"none\">\n\t<path class=\"elementor-shape-fill\" d=\"M283.5,9.7c0,0-7.3,4.3-14,4.6c-6.8,0.3-12.6,0-20.9-1.5c-11.3-2-33.1-10.1-44.7-5.7\ts-12.1,4.6-18,7.4c-6.6,3.2-20,9.6-36.6,9.3C131.6,23.5,99.5,7.2,86.3,8c-1.4,0.1-6.6,0.8-10.5,2c-3.8,1.2-9.4,3.8-17,4.7\tc-3.2,0.4-8.3,1.1-14.2,0.9c-1.5-0.1-6.3-0.4-12-1.6c-5.7-1.2-11-3.1-15.8-3.7C6.5,9.2,0,10.8,0,10.8V0h283.5V9.7z M260.8,11.3\tc-0.7-1-2-0.4-4.3-0.4c-2.3,0-6.1-1.2-5.8-1.1c0.3,0.1,3.1,1.5,6,1.9C259.7,12.2,261.4,12.3,260.8,11.3z M242.4,8.6\tc0,0-2.4-0.2-5.6-0.9c-3.2-0.8-10.3-2.8-15.1-3.5c-8.2-1.1-15.8,0-15.1,0.1c0.8,0.1,9.6-0.6,17.6,1.1c3.3,0.7,9.3,2.2,12.4,2.7\tC239.9,8.7,242.4,8.6,242.4,8.6z M185.2,8.5c1.7-0.7-13.3,4.7-18.5,6.1c-2.1,0.6-6.2,1.6-10,2c-3.9,0.4-8.9,0.4-8.8,0.5\tc0,0.2,5.8,0.8,11.2,0c5.4-0.8,5.2-1.1,7.6-1.6C170.5,14.7,183.5,9.2,185.2,8.5z M199.1,6.9c0.2,0-0.8-0.4-4.8,1.1\tc-4,1.5-6.7,3.5-6.9,3.7c-0.2,0.1,3.5-1.8,6.6-3C197,7.5,199,6.9,199.1,6.9z M283,6c-0.1,0.1-1.9,1.1-4.8,2.5s-6.9,2.8-6.7,2.7\tc0.2,0,3.5-0.6,7.4-2.5C282.8,6.8,283.1,5.9,283,6z M31.3,11.6c0.1-0.2-1.9-0.2-4.5-1.2s-5.4-1.6-7.8-2C15,7.6,7.3,8.5,7.7,8.6\tC8,8.7,15.9,8.3,20.2,9.3c2.2,0.5,2.4,0.5,5.7,1.6S31.2,11.9,31.3,11.6z M73,9.2c0.4-0.1,3.5-1.6,8.4-2.6c4.9-1.1,8.9-0.5,8.9-0.8\tc0-0.3-1-0.9-6.2-0.3S72.6,9.3,73,9.2z M71.6,6.7C71.8,6.8,75,5.4,77.3,5c2.3-0.3,1.9-0.5,1.9-0.6c0-0.1-1.1-0.2-2.7,0.2\tC74.8,5.1,71.4,6.6,71.6,6.7z M93.6,4.4c0.1,0.2,3.5,0.8,5.6,1.8c2.1,1,1.8,0.6,1.9,0.5c0.1-0.1-0.8-0.8-2.4-1.3\tC97.1,4.8,93.5,4.2,93.6,4.4z M65.4,11.1c-0.1,0.3,0.3,0.5,1.9-0.2s2.6-1.3,2.2-1.2s-0.9,0.4-2.5,0.8C65.3,10.9,65.5,10.8,65.4,11.1\tz M34.5,12.4c-0.2,0,2.1,0.8,3.3,0.9c1.2,0.1,2,0.1,2-0.2c0-0.3-0.1-0.5-1.6-0.4C36.6,12.8,34.7,12.4,34.5,12.4z M152.2,21.1\tc-0.1,0.1-2.4-0.3-7.5-0.3c-5,0-13.6-2.4-17.2-3.5c-3.6-1.1,10,3.9,16.5,4.1C150.5,21.6,152.3,21,152.2,21.1z\"\/>\n\t<path class=\"elementor-shape-fill\" d=\"M269.6,18c-0.1-0.1-4.6,0.3-7.2,0c-7.3-0.7-17-3.2-16.6-2.9c0.4,0.3,13.7,3.1,17,3.3\tC267.7,18.8,269.7,18,269.6,18z\"\/>\n\t<path class=\"elementor-shape-fill\" d=\"M227.4,9.8c-0.2-0.1-4.5-1-9.5-1.2c-5-0.2-12.7,0.6-12.3,0.5c0.3-0.1,5.9-1.8,13.3-1.2\tS227.6,9.9,227.4,9.8z\"\/>\n\t<path class=\"elementor-shape-fill\" d=\"M204.5,13.4c-0.1-0.1,2-1,3.2-1.1c1.2-0.1,2,0,2,0.3c0,0.3-0.1,0.5-1.6,0.4\tC206.4,12.9,204.6,13.5,204.5,13.4z\"\/>\n\t<path class=\"elementor-shape-fill\" d=\"M201,10.6c0-0.1-4.4,1.2-6.3,2.2c-1.9,0.9-6.2,3.1-6.1,3.1c0.1,0.1,4.2-1.6,6.3-2.6\tS201,10.7,201,10.6z\"\/>\n\t<path class=\"elementor-shape-fill\" d=\"M154.5,26.7c-0.1-0.1-4.6,0.3-7.2,0c-7.3-0.7-17-3.2-16.6-2.9c0.4,0.3,13.7,3.1,17,3.3\tC152.6,27.5,154.6,26.8,154.5,26.7z\"\/>\n\t<path class=\"elementor-shape-fill\" d=\"M41.9,19.3c0,0,1.2-0.3,2.9-0.1c1.7,0.2,5.8,0.9,8.2,0.7c4.2-0.4,7.4-2.7,7-2.6\tc-0.4,0-4.3,2.2-8.6,1.9c-1.8-0.1-5.1-0.5-6.7-0.4S41.9,19.3,41.9,19.3z\"\/>\n\t<path class=\"elementor-shape-fill\" d=\"M75.5,12.6c0.2,0.1,2-0.8,4.3-1.1c2.3-0.2,2.1-0.3,2.1-0.5c0-0.1-1.8-0.4-3.4,0\tC76.9,11.5,75.3,12.5,75.5,12.6z\"\/>\n\t<path class=\"elementor-shape-fill\" d=\"M15.6,13.2c0-0.1,4.3,0,6.7,0.5c2.4,0.5,5,1.9,5,2c0,0.1-2.7-0.8-5.1-1.4\tC19.9,13.7,15.7,13.3,15.6,13.2z\"\/>\n<\/svg>\t\t<\/div>\n\t\t\t\t\t<div class=\"elementor-container elementor-column-gap-default\">\n\t\t\t\t\t<div class=\"elementor-column elementor-col-100 elementor-top-column elementor-element elementor-element-703ab66\" data-id=\"703ab66\" data-element_type=\"column\">\n\t\t\t<div class=\"elementor-widget-wrap elementor-element-populated\">\n\t\t\t\t\t\t<div class=\"elementor-element elementor-element-f7be7a1 elementor-invisible elementor-widget elementor-widget-heading\" data-id=\"f7be7a1\" data-element_type=\"widget\" data-settings=\"{&quot;_animation&quot;:&quot;zoomIn&quot;}\" data-widget_type=\"heading.default\">\n\t\t\t\t<div class=\"elementor-widget-container\">\n\t\t\t\t\t<h2 class=\"elementor-heading-title elementor-size-default\">Faq<\/h2><style id=\"core-f7be7a1-core-block-supports-inline-css\"><\/style>\t\t\t\t<\/div>\n\t\t\t\t<\/div>\n\t\t\t\t<div class=\"elementor-element elementor-element-0a36cb1 elementor-invisible elementor-widget elementor-widget-text-editor\" data-id=\"0a36cb1\" data-element_type=\"widget\" data-settings=\"{&quot;_animation&quot;:&quot;zoomIn&quot;}\" data-widget_type=\"text-editor.default\">\n\t\t\t\t<div class=\"elementor-widget-container\">\n\t\t\t\t\t\t\t\t\t<p>In der Liste der h\u00e4ufig gestellten Fragen erf\u00e4hrst du alles rund um den Wedding Pen<\/p>\t\t\t\t<style id=\"core-0a36cb1-core-block-supports-inline-css\"><\/style>\t\t\t\t<\/div>\n\t\t\t\t<\/div>\n\t\t\t\t\t<\/div>\n\t\t<\/div>\n\t\t\t\t\t<\/div>\n\t\t<\/section>\n\t\t\t\t<section class=\"elementor-section elementor-top-section elementor-element elementor-element-73dc7d8 elementor-section-height-min-height elementor-reverse-mobile elementor-section-boxed elementor-section-height-default elementor-section-items-middle\" data-id=\"73dc7d8\" data-element_type=\"section\" data-settings=\"{&quot;background_background&quot;:&quot;classic&quot;,&quot;shape_divider_bottom&quot;:&quot;wave-brush&quot;}\">\n\t\t\t\t\t<div class=\"elementor-shape elementor-shape-bottom\" aria-hidden=\"true\" data-negative=\"false\">\n\t\t\t<svg xmlns=\"http:\/\/www.w3.org\/2000\/svg\" viewBox=\"0 0 283.5 27.8\" preserveAspectRatio=\"none\">\n\t<path class=\"elementor-shape-fill\" d=\"M283.5,9.7c0,0-7.3,4.3-14,4.6c-6.8,0.3-12.6,0-20.9-1.5c-11.3-2-33.1-10.1-44.7-5.7\ts-12.1,4.6-18,7.4c-6.6,3.2-20,9.6-36.6,9.3C131.6,23.5,99.5,7.2,86.3,8c-1.4,0.1-6.6,0.8-10.5,2c-3.8,1.2-9.4,3.8-17,4.7\tc-3.2,0.4-8.3,1.1-14.2,0.9c-1.5-0.1-6.3-0.4-12-1.6c-5.7-1.2-11-3.1-15.8-3.7C6.5,9.2,0,10.8,0,10.8V0h283.5V9.7z M260.8,11.3\tc-0.7-1-2-0.4-4.3-0.4c-2.3,0-6.1-1.2-5.8-1.1c0.3,0.1,3.1,1.5,6,1.9C259.7,12.2,261.4,12.3,260.8,11.3z M242.4,8.6\tc0,0-2.4-0.2-5.6-0.9c-3.2-0.8-10.3-2.8-15.1-3.5c-8.2-1.1-15.8,0-15.1,0.1c0.8,0.1,9.6-0.6,17.6,1.1c3.3,0.7,9.3,2.2,12.4,2.7\tC239.9,8.7,242.4,8.6,242.4,8.6z M185.2,8.5c1.7-0.7-13.3,4.7-18.5,6.1c-2.1,0.6-6.2,1.6-10,2c-3.9,0.4-8.9,0.4-8.8,0.5\tc0,0.2,5.8,0.8,11.2,0c5.4-0.8,5.2-1.1,7.6-1.6C170.5,14.7,183.5,9.2,185.2,8.5z M199.1,6.9c0.2,0-0.8-0.4-4.8,1.1\tc-4,1.5-6.7,3.5-6.9,3.7c-0.2,0.1,3.5-1.8,6.6-3C197,7.5,199,6.9,199.1,6.9z M283,6c-0.1,0.1-1.9,1.1-4.8,2.5s-6.9,2.8-6.7,2.7\tc0.2,0,3.5-0.6,7.4-2.5C282.8,6.8,283.1,5.9,283,6z M31.3,11.6c0.1-0.2-1.9-0.2-4.5-1.2s-5.4-1.6-7.8-2C15,7.6,7.3,8.5,7.7,8.6\tC8,8.7,15.9,8.3,20.2,9.3c2.2,0.5,2.4,0.5,5.7,1.6S31.2,11.9,31.3,11.6z M73,9.2c0.4-0.1,3.5-1.6,8.4-2.6c4.9-1.1,8.9-0.5,8.9-0.8\tc0-0.3-1-0.9-6.2-0.3S72.6,9.3,73,9.2z M71.6,6.7C71.8,6.8,75,5.4,77.3,5c2.3-0.3,1.9-0.5,1.9-0.6c0-0.1-1.1-0.2-2.7,0.2\tC74.8,5.1,71.4,6.6,71.6,6.7z M93.6,4.4c0.1,0.2,3.5,0.8,5.6,1.8c2.1,1,1.8,0.6,1.9,0.5c0.1-0.1-0.8-0.8-2.4-1.3\tC97.1,4.8,93.5,4.2,93.6,4.4z M65.4,11.1c-0.1,0.3,0.3,0.5,1.9-0.2s2.6-1.3,2.2-1.2s-0.9,0.4-2.5,0.8C65.3,10.9,65.5,10.8,65.4,11.1\tz M34.5,12.4c-0.2,0,2.1,0.8,3.3,0.9c1.2,0.1,2,0.1,2-0.2c0-0.3-0.1-0.5-1.6-0.4C36.6,12.8,34.7,12.4,34.5,12.4z M152.2,21.1\tc-0.1,0.1-2.4-0.3-7.5-0.3c-5,0-13.6-2.4-17.2-3.5c-3.6-1.1,10,3.9,16.5,4.1C150.5,21.6,152.3,21,152.2,21.1z\"\/>\n\t<path class=\"elementor-shape-fill\" d=\"M269.6,18c-0.1-0.1-4.6,0.3-7.2,0c-7.3-0.7-17-3.2-16.6-2.9c0.4,0.3,13.7,3.1,17,3.3\tC267.7,18.8,269.7,18,269.6,18z\"\/>\n\t<path class=\"elementor-shape-fill\" d=\"M227.4,9.8c-0.2-0.1-4.5-1-9.5-1.2c-5-0.2-12.7,0.6-12.3,0.5c0.3-0.1,5.9-1.8,13.3-1.2\tS227.6,9.9,227.4,9.8z\"\/>\n\t<path class=\"elementor-shape-fill\" d=\"M204.5,13.4c-0.1-0.1,2-1,3.2-1.1c1.2-0.1,2,0,2,0.3c0,0.3-0.1,0.5-1.6,0.4\tC206.4,12.9,204.6,13.5,204.5,13.4z\"\/>\n\t<path class=\"elementor-shape-fill\" d=\"M201,10.6c0-0.1-4.4,1.2-6.3,2.2c-1.9,0.9-6.2,3.1-6.1,3.1c0.1,0.1,4.2-1.6,6.3-2.6\tS201,10.7,201,10.6z\"\/>\n\t<path class=\"elementor-shape-fill\" d=\"M154.5,26.7c-0.1-0.1-4.6,0.3-7.2,0c-7.3-0.7-17-3.2-16.6-2.9c0.4,0.3,13.7,3.1,17,3.3\tC152.6,27.5,154.6,26.8,154.5,26.7z\"\/>\n\t<path class=\"elementor-shape-fill\" d=\"M41.9,19.3c0,0,1.2-0.3,2.9-0.1c1.7,0.2,5.8,0.9,8.2,0.7c4.2-0.4,7.4-2.7,7-2.6\tc-0.4,0-4.3,2.2-8.6,1.9c-1.8-0.1-5.1-0.5-6.7-0.4S41.9,19.3,41.9,19.3z\"\/>\n\t<path class=\"elementor-shape-fill\" d=\"M75.5,12.6c0.2,0.1,2-0.8,4.3-1.1c2.3-0.2,2.1-0.3,2.1-0.5c0-0.1-1.8-0.4-3.4,0\tC76.9,11.5,75.3,12.5,75.5,12.6z\"\/>\n\t<path class=\"elementor-shape-fill\" d=\"M15.6,13.2c0-0.1,4.3,0,6.7,0.5c2.4,0.5,5,1.9,5,2c0,0.1-2.7-0.8-5.1-1.4\tC19.9,13.7,15.7,13.3,15.6,13.2z\"\/>\n<\/svg>\t\t<\/div>\n\t\t\t\t\t<div class=\"elementor-container elementor-column-gap-default\">\n\t\t\t\t\t<div class=\"elementor-column elementor-col-100 elementor-top-column elementor-element elementor-element-1734426\" data-id=\"1734426\" data-element_type=\"column\">\n\t\t\t<div class=\"elementor-widget-wrap elementor-element-populated\">\n\t\t\t\t\t\t<div class=\"elementor-element elementor-element-9e4dc0d elementor-invisible elementor-widget elementor-widget-text-editor\" data-id=\"9e4dc0d\" data-element_type=\"widget\" data-settings=\"{&quot;_animation&quot;:&quot;zoomIn&quot;}\" data-widget_type=\"text-editor.default\">\n\t\t\t\t<div class=\"elementor-widget-container\">\n\t\t\t\t\t\t\t\t\t<section class=\"tcvpb_section_tc \"><div class=\"tcvpb_section_content\"><div class=\"tcvpb_container\"><div class=\"tcvpb_column_tc_span12 \"><div class=\"tcvpb-accordion tcvpb-toggle\" data-expanded=\"1\"><h3>Was ist ein Wedding Pen?<\/h3><div class=\"tcvpb-accordion-body\"><p class=\"p_tc\">Der Wedding Pen wurde erfunden und entworfen um bei der wichtigsten Unterschrift des Lebens, das zeichnen der Heiratsurkunde beim Standesamt, eingesetzt zu werden. Alles weitere erf\u00e4hrst du auf der Seite Geschichte.\u00a0<\/p><p class=\"p_tc\"><a href=\"https:\/\/www.theweddingpen.com\/?page_id=743\" target=\"_blank\" rel=\"noopener\"><span style=\"color: #754599;\">Mehr dazu<\/span><\/a><\/p><p class=\"p_tc\">\u00a0<\/p><\/div><\/div><div class=\"tcvpb-accordion tcvpb-toggle\" data-expanded=\"0\"><h3>Woher kommt der Name Lila Krone ?<\/h3><div class=\"tcvpb-accordion-body\"><p class=\"p_tc\">Lila Krone ist der Name des Unternehmens, dass als Erfinder des Wedding Pen gilt. Diese Marke garantiert, dass du einen echten Wedding Pen in der bekannten Qualit\u00e4t in den H\u00e4nden h\u00e4ltst. Mehr \u00fcber die Lila Krone erf\u00e4hrst du auf der Seite \u00dcber uns.<\/p><p class=\"p_tc\"><a href=\"https:\/\/www.theweddingpen.com\/?page_id=758\" target=\"_blank\" rel=\"noopener\"><span style=\"color: #754599;\">Mehr dazu<\/span><\/a><\/p><p class=\"p_tc\">\u00a0<\/p><\/div><\/div><div class=\"tcvpb-accordion tcvpb-toggle\" data-expanded=\"0\"><h3>Wie viele Modelle des Wedding Pen gibt es?<\/h3><div class=\"tcvpb-accordion-body\"><p class=\"p_tc\">Den Wedding Pen gibt es in zwei verschiedenen Variationen. Bei der \u201eGold Edition\u201c sind die Grundfarben Gelbgold und Perlwei\u00df.<\/p><p class=\"p_tc\">Bei der \u201ePlatinum Edition\u201c\u00a0gl\u00e4nzt der Wedding Pen in der Farbe des Platin.<\/p><p class=\"p_tc\">\u00a0<\/p><\/div><\/div><div class=\"tcvpb-accordion tcvpb-toggle\" data-expanded=\"0\"><h3>Welche Edelsteine verwendet Ihr?<\/h3><div class=\"tcvpb-accordion-body\">Bei den Steinen in der Krone und am Clip handelt es sich um echte Kristalle aus der Kollektion von Swarovski. Als Symbol der Echtheit tr\u00e4gt jeder Wedding Pen zus\u00e4tzlich dazu einen echten Diamanten mit 0,01 Karat eingefasst am Schaftabschluss.<\/div><div class=\"tcvpb-accordion-body\">\u00a0<\/div><\/div><div class=\"tcvpb-accordion tcvpb-toggle\" data-expanded=\"0\"><h3>Gibt es eine Qualit\u00e4tsgarantie?<\/h3><div class=\"tcvpb-accordion-body\"><p class=\"p_tc\">Wir sind von der Qualit\u00e4t unseres Wedding Pen absolut \u00fcberzeugt und gew\u00e4hren hierf\u00fcr eine Garantiezeit von 10 Jahren. Sollte dar\u00fcber hinaus Grund zur Beanstandung unserer Qualit\u00e4t entstehen, werden wir auch diesen gerne beseitigen. Der Wedding Pen soll ein Leben lang Freude bereiten und an den sch\u00f6nsten Tag im Leben erinnern.<\/p><p class=\"p_tc\">\u00a0<\/p><\/div><\/div><div class=\"tcvpb-accordion tcvpb-toggle\" data-expanded=\"0\"><h3>Gibt es beim Wedding Pen ein R\u00fcckgaberecht?<\/h3><div class=\"tcvpb-accordion-body\">Da jeder Wedding Pen eigens angefertigt wird, betreiben wir keine Lagerhaltung. Euer Wedding Pen wird mit einer Tiefengravur f\u00fcr euch individualisiert und kann deshalb nicht an eine andere Person weiterverkauft werden. Da es sich also um ein Unikat handelt, k\u00f6nnen wir hier kein R\u00fcckgaberecht gew\u00e4hren.<\/div><div class=\"tcvpb-accordion-body\">\u00a0<\/div><\/div><div class=\"tcvpb-accordion tcvpb-toggle\" data-expanded=\"0\"><h3>Wie lange ist die Lieferzeit beim Wedding Pen?<\/h3><div class=\"tcvpb-accordion-body\">Da euer Wedding Pen speziell f\u00fcr euch angefertigt wird und vor der Auslieferung eine Qualit\u00e4tskontrolle bei uns im Haus durchgef\u00fchrt wird, ben\u00f6tigen wir von der Bestellung bis zum Versand in der Regel 14 Werktage.<\/div><div class=\"tcvpb-accordion-body\">\u00a0<\/div><\/div><div class=\"tcvpb-accordion tcvpb-toggle\" data-expanded=\"0\"><h3>Kann ich den Wedding Pen auch einfach so kaufen?<\/h3><div class=\"tcvpb-accordion-body\"><p class=\"p_tc\">Klar! Den Wedding Pen kannst du dir auch selbst schenken. Wir gravieren gerne deinen Namen oder einen Text nach deinen W\u00fcnschen ein. Auch die Gravurtafel in der Magic Box kann nach deinen Vorstellungen individualisiert werden. Viele unserer Kunden nutzen den Wedding Pen auch einfach so oder kaufen Ihn als Geschenk zum Hochzeitstag. Schreib uns doch einfach eine Nachricht, wir helfen dir gerne weiter.<\/p><p class=\"p_tc\"><a href=\"https:\/\/www.theweddingpen.com\/?page_id=768\" target=\"_blank\" rel=\"noopener\"><span style=\"color: #754599;\">Kontakt<\/span><\/a><\/p><p class=\"p_tc\">\u00a0<\/p><\/div><\/div><div class=\"tcvpb-accordion tcvpb-toggle\" data-expanded=\"0\"><h3>Wie ist sichergestellt, dass der Wedding Pen nicht doppelt gekauft wird?<\/h3><div class=\"tcvpb-accordion-body\">Jeder Wedding Pen hat eine eigene Seriennummer. Diese ist auf der R\u00fcckseite der Krone eingraviert. Diese Seriennummer wird dem Hochzeitspaar und dem Datum zugewiesen. So schlie\u00dfen wir eine doppelte Auslieferung aus. Sollte eine Bestellung doppelt aufgegeben werden, wird der Besteller nach Eingang umgehend informiert. Schlie\u00dflich kann das Paar nur mit einem Wedding Pen unterschreiben.<\/div><div class=\"tcvpb-accordion-body\">\u00a0<\/div><\/div><div class=\"tcvpb-accordion tcvpb-toggle\" data-expanded=\"0\"><h3>Wo wird der Wedding Pen hergestellt?<\/h3><div class=\"tcvpb-accordion-body\">Beim Wedding Pen handelt es sich um ein Qualit\u00e4tsprodukt der Goldstadt Pforzheim. Hergestellt wird er von einem traditionsreichen Familienunternehmen, welches sich auf die Produktion von hochwertigen Schreibger\u00e4ten f\u00fcr Weltmarken spezialisiert hat. Daher tr\u00e4gt der Wedding Pen das Pr\u00e4dikat \u2013 100% Made in Germany<\/div><div class=\"tcvpb-accordion-body\">\u00a0<\/div><\/div><div class=\"tcvpb-accordion tcvpb-toggle\" data-expanded=\"0\"><h3>Darf ich \u00fcberhaupt beim Standesamt mit dem Wedding Pen unterschreiben?<\/h3><div class=\"tcvpb-accordion-body\"><p class=\"p_tc\">F\u00fcr den Wedding Pen verwenden wir eine dokumentenechte Mine in der Farbe schwarz. Diese wird von einem namhaften deutschen Qualit\u00e4tshersteller produziert und erf\u00fcllt den Standard DIN ISO 12757-2 DOC. Daher spricht nichts dagegen mit dem Wedding Pen beim Standesamt zu unterschreiben. Bisher hatten wir keinerlei Probleme, weder mit Standes\u00e4mtern noch Kirchen. Es ist sicher sinnvoll beim Vorgespr\u00e4ch mit den Standesbeamten darauf hinzuweisen, dass Ihr ein eigenes Schreibger\u00e4t benutzen m\u00f6chtet. Sollten hier Fragen entstehen, wendet euch direkt an uns.<\/p><p class=\"p_tc\"><a href=\"https:\/\/www.theweddingpen.com\/?page_id=768\" target=\"_blank\" rel=\"noopener\"><span style=\"color: #754599;\">Kontakt<\/span><\/a><\/p><\/div><\/div><\/div><\/div><\/div><\/section>\t\t\t\t<style id=\"core-9e4dc0d-core-block-supports-inline-css\"><\/style>\t\t\t\t<\/div>\n\t\t\t\t<\/div>\n\t\t\t\t\t<\/div>\n\t\t<\/div>\n\t\t\t\t\t<\/div>\n\t\t<\/section>\n\t\t\t\t<\/div>\n\t\t","protected":false},"excerpt":{"rendered":"<p>Faq In der Liste der h\u00e4ufig gestellten Fragen erf\u00e4hrst du alles rund um den Wedding Pen Was ist ein Wedding Pen? Der Wedding Pen wurde erfunden und entworfen um bei der wichtigsten Unterschrift des Lebens, das zeichnen der Heiratsurkunde beim Standesamt, eingesetzt zu werden. Alles weitere erf\u00e4hrst du auf der Seite Geschichte.\u00a0 Mehr dazu \u00a0 [&hellip;]<\/p>\n","protected":false},"author":1,"featured_media":0,"parent":0,"menu_order":0,"comment_status":"closed","ping_status":"closed","template":"elementor_header_footer","meta":{"_seopress_robots_primary_cat":"","_seopress_titles_title":"","_seopress_titles_desc":"","_seopress_robots_index":"","footnotes":""},"class_list":["post-784","page","type-page","status-publish","hentry"],"blocksy_meta":{"styles_descriptor":{"styles":{"desktop":"","tablet":"","mobile":""},"google_fonts":[],"version":6}},"lang":"de","translations":{"de":784,"hr":108,"en":1248},"pll_sync_post":[],"_links":{"self":[{"href":"https:\/\/www.theweddingpen.com\/index.php?rest_route=\/wp\/v2\/pages\/784","targetHints":{"allow":["GET"]}}],"collection":[{"href":"https:\/\/www.theweddingpen.com\/index.php?rest_route=\/wp\/v2\/pages"}],"about":[{"href":"https:\/\/www.theweddingpen.com\/index.php?rest_route=\/wp\/v2\/types\/page"}],"author":[{"embeddable":true,"href":"https:\/\/www.theweddingpen.com\/index.php?rest_route=\/wp\/v2\/users\/1"}],"replies":[{"embeddable":true,"href":"https:\/\/www.theweddingpen.com\/index.php?rest_route=%2Fwp%2Fv2%2Fcomments&post=784"}],"version-history":[{"count":3,"href":"https:\/\/www.theweddingpen.com\/index.php?rest_route=\/wp\/v2\/pages\/784\/revisions"}],"predecessor-version":[{"id":1838,"href":"https:\/\/www.theweddingpen.com\/index.php?rest_route=\/wp\/v2\/pages\/784\/revisions\/1838"}],"wp:attachment":[{"href":"https:\/\/www.theweddingpen.com\/index.php?rest_route=%2Fwp%2Fv2%2Fmedia&parent=784"}],"curies":[{"name":"wp","href":"https:\/\/api.w.org\/{rel}","templated":true}]}}