{"id":108,"date":"2023-01-17T17:27:46","date_gmt":"2023-01-17T17:27:46","guid":{"rendered":"https:\/\/www.theweddingpen.com\/?page_id=108"},"modified":"2024-10-09T11:06:28","modified_gmt":"2024-10-09T11:06:28","slug":"faq-2","status":"publish","type":"page","link":"https:\/\/www.theweddingpen.com\/?page_id=108&lang=hr","title":{"rendered":"FAQ"},"content":{"rendered":"\t\t<div data-elementor-type=\"wp-page\" data-elementor-id=\"108\" class=\"elementor elementor-108\">\n\t\t\t\t\t\t<section class=\"elementor-section elementor-top-section elementor-element elementor-element-8a5ea3d elementor-section-height-min-height elementor-section-boxed elementor-section-height-default elementor-section-items-middle\" data-id=\"8a5ea3d\" data-element_type=\"section\" data-settings=\"{&quot;background_background&quot;:&quot;classic&quot;,&quot;shape_divider_bottom&quot;:&quot;wave-brush&quot;}\">\n\t\t\t\t\t\t\t<div class=\"elementor-background-overlay\"><\/div>\n\t\t\t\t\t\t<div class=\"elementor-shape elementor-shape-bottom\" aria-hidden=\"true\" data-negative=\"false\">\n\t\t\t<svg xmlns=\"http:\/\/www.w3.org\/2000\/svg\" viewBox=\"0 0 283.5 27.8\" preserveAspectRatio=\"none\">\n\t<path class=\"elementor-shape-fill\" d=\"M283.5,9.7c0,0-7.3,4.3-14,4.6c-6.8,0.3-12.6,0-20.9-1.5c-11.3-2-33.1-10.1-44.7-5.7\ts-12.1,4.6-18,7.4c-6.6,3.2-20,9.6-36.6,9.3C131.6,23.5,99.5,7.2,86.3,8c-1.4,0.1-6.6,0.8-10.5,2c-3.8,1.2-9.4,3.8-17,4.7\tc-3.2,0.4-8.3,1.1-14.2,0.9c-1.5-0.1-6.3-0.4-12-1.6c-5.7-1.2-11-3.1-15.8-3.7C6.5,9.2,0,10.8,0,10.8V0h283.5V9.7z M260.8,11.3\tc-0.7-1-2-0.4-4.3-0.4c-2.3,0-6.1-1.2-5.8-1.1c0.3,0.1,3.1,1.5,6,1.9C259.7,12.2,261.4,12.3,260.8,11.3z M242.4,8.6\tc0,0-2.4-0.2-5.6-0.9c-3.2-0.8-10.3-2.8-15.1-3.5c-8.2-1.1-15.8,0-15.1,0.1c0.8,0.1,9.6-0.6,17.6,1.1c3.3,0.7,9.3,2.2,12.4,2.7\tC239.9,8.7,242.4,8.6,242.4,8.6z M185.2,8.5c1.7-0.7-13.3,4.7-18.5,6.1c-2.1,0.6-6.2,1.6-10,2c-3.9,0.4-8.9,0.4-8.8,0.5\tc0,0.2,5.8,0.8,11.2,0c5.4-0.8,5.2-1.1,7.6-1.6C170.5,14.7,183.5,9.2,185.2,8.5z M199.1,6.9c0.2,0-0.8-0.4-4.8,1.1\tc-4,1.5-6.7,3.5-6.9,3.7c-0.2,0.1,3.5-1.8,6.6-3C197,7.5,199,6.9,199.1,6.9z M283,6c-0.1,0.1-1.9,1.1-4.8,2.5s-6.9,2.8-6.7,2.7\tc0.2,0,3.5-0.6,7.4-2.5C282.8,6.8,283.1,5.9,283,6z M31.3,11.6c0.1-0.2-1.9-0.2-4.5-1.2s-5.4-1.6-7.8-2C15,7.6,7.3,8.5,7.7,8.6\tC8,8.7,15.9,8.3,20.2,9.3c2.2,0.5,2.4,0.5,5.7,1.6S31.2,11.9,31.3,11.6z M73,9.2c0.4-0.1,3.5-1.6,8.4-2.6c4.9-1.1,8.9-0.5,8.9-0.8\tc0-0.3-1-0.9-6.2-0.3S72.6,9.3,73,9.2z M71.6,6.7C71.8,6.8,75,5.4,77.3,5c2.3-0.3,1.9-0.5,1.9-0.6c0-0.1-1.1-0.2-2.7,0.2\tC74.8,5.1,71.4,6.6,71.6,6.7z M93.6,4.4c0.1,0.2,3.5,0.8,5.6,1.8c2.1,1,1.8,0.6,1.9,0.5c0.1-0.1-0.8-0.8-2.4-1.3\tC97.1,4.8,93.5,4.2,93.6,4.4z M65.4,11.1c-0.1,0.3,0.3,0.5,1.9-0.2s2.6-1.3,2.2-1.2s-0.9,0.4-2.5,0.8C65.3,10.9,65.5,10.8,65.4,11.1\tz M34.5,12.4c-0.2,0,2.1,0.8,3.3,0.9c1.2,0.1,2,0.1,2-0.2c0-0.3-0.1-0.5-1.6-0.4C36.6,12.8,34.7,12.4,34.5,12.4z M152.2,21.1\tc-0.1,0.1-2.4-0.3-7.5-0.3c-5,0-13.6-2.4-17.2-3.5c-3.6-1.1,10,3.9,16.5,4.1C150.5,21.6,152.3,21,152.2,21.1z\"\/>\n\t<path class=\"elementor-shape-fill\" d=\"M269.6,18c-0.1-0.1-4.6,0.3-7.2,0c-7.3-0.7-17-3.2-16.6-2.9c0.4,0.3,13.7,3.1,17,3.3\tC267.7,18.8,269.7,18,269.6,18z\"\/>\n\t<path class=\"elementor-shape-fill\" d=\"M227.4,9.8c-0.2-0.1-4.5-1-9.5-1.2c-5-0.2-12.7,0.6-12.3,0.5c0.3-0.1,5.9-1.8,13.3-1.2\tS227.6,9.9,227.4,9.8z\"\/>\n\t<path class=\"elementor-shape-fill\" d=\"M204.5,13.4c-0.1-0.1,2-1,3.2-1.1c1.2-0.1,2,0,2,0.3c0,0.3-0.1,0.5-1.6,0.4\tC206.4,12.9,204.6,13.5,204.5,13.4z\"\/>\n\t<path class=\"elementor-shape-fill\" d=\"M201,10.6c0-0.1-4.4,1.2-6.3,2.2c-1.9,0.9-6.2,3.1-6.1,3.1c0.1,0.1,4.2-1.6,6.3-2.6\tS201,10.7,201,10.6z\"\/>\n\t<path class=\"elementor-shape-fill\" d=\"M154.5,26.7c-0.1-0.1-4.6,0.3-7.2,0c-7.3-0.7-17-3.2-16.6-2.9c0.4,0.3,13.7,3.1,17,3.3\tC152.6,27.5,154.6,26.8,154.5,26.7z\"\/>\n\t<path class=\"elementor-shape-fill\" d=\"M41.9,19.3c0,0,1.2-0.3,2.9-0.1c1.7,0.2,5.8,0.9,8.2,0.7c4.2-0.4,7.4-2.7,7-2.6\tc-0.4,0-4.3,2.2-8.6,1.9c-1.8-0.1-5.1-0.5-6.7-0.4S41.9,19.3,41.9,19.3z\"\/>\n\t<path class=\"elementor-shape-fill\" d=\"M75.5,12.6c0.2,0.1,2-0.8,4.3-1.1c2.3-0.2,2.1-0.3,2.1-0.5c0-0.1-1.8-0.4-3.4,0\tC76.9,11.5,75.3,12.5,75.5,12.6z\"\/>\n\t<path class=\"elementor-shape-fill\" d=\"M15.6,13.2c0-0.1,4.3,0,6.7,0.5c2.4,0.5,5,1.9,5,2c0,0.1-2.7-0.8-5.1-1.4\tC19.9,13.7,15.7,13.3,15.6,13.2z\"\/>\n<\/svg>\t\t<\/div>\n\t\t\t\t\t<div class=\"elementor-container elementor-column-gap-default\">\n\t\t\t\t\t<div class=\"elementor-column elementor-col-100 elementor-top-column elementor-element elementor-element-703ab66\" data-id=\"703ab66\" data-element_type=\"column\">\n\t\t\t<div class=\"elementor-widget-wrap elementor-element-populated\">\n\t\t\t\t\t\t<div class=\"elementor-element elementor-element-f7be7a1 elementor-invisible elementor-widget elementor-widget-heading\" data-id=\"f7be7a1\" data-element_type=\"widget\" data-settings=\"{&quot;_animation&quot;:&quot;zoomIn&quot;}\" data-widget_type=\"heading.default\">\n\t\t\t\t<div class=\"elementor-widget-container\">\n\t\t\t\t\t<h2 class=\"elementor-heading-title elementor-size-default\">Faq<\/h2><style id=\"core-f7be7a1-core-block-supports-inline-css\"><\/style>\t\t\t\t<\/div>\n\t\t\t\t<\/div>\n\t\t\t\t<div class=\"elementor-element elementor-element-0a36cb1 elementor-invisible elementor-widget elementor-widget-text-editor\" data-id=\"0a36cb1\" data-element_type=\"widget\" data-settings=\"{&quot;_animation&quot;:&quot;zoomIn&quot;}\" data-widget_type=\"text-editor.default\">\n\t\t\t\t<div class=\"elementor-widget-container\">\n\t\t\t\t\t\t\t\t\tOvo su neka od \u010desto postavljenih pitanja <br>u vezi sa Wedding Pen-om\t\t\t\t<style id=\"core-0a36cb1-core-block-supports-inline-css\"><\/style>\t\t\t\t<\/div>\n\t\t\t\t<\/div>\n\t\t\t\t\t<\/div>\n\t\t<\/div>\n\t\t\t\t\t<\/div>\n\t\t<\/section>\n\t\t\t\t<section class=\"elementor-section elementor-top-section elementor-element elementor-element-73dc7d8 elementor-section-height-min-height elementor-reverse-mobile elementor-section-boxed elementor-section-height-default elementor-section-items-middle\" data-id=\"73dc7d8\" data-element_type=\"section\" data-settings=\"{&quot;background_background&quot;:&quot;classic&quot;,&quot;shape_divider_bottom&quot;:&quot;wave-brush&quot;}\">\n\t\t\t\t\t<div class=\"elementor-shape elementor-shape-bottom\" aria-hidden=\"true\" data-negative=\"false\">\n\t\t\t<svg xmlns=\"http:\/\/www.w3.org\/2000\/svg\" viewBox=\"0 0 283.5 27.8\" preserveAspectRatio=\"none\">\n\t<path class=\"elementor-shape-fill\" d=\"M283.5,9.7c0,0-7.3,4.3-14,4.6c-6.8,0.3-12.6,0-20.9-1.5c-11.3-2-33.1-10.1-44.7-5.7\ts-12.1,4.6-18,7.4c-6.6,3.2-20,9.6-36.6,9.3C131.6,23.5,99.5,7.2,86.3,8c-1.4,0.1-6.6,0.8-10.5,2c-3.8,1.2-9.4,3.8-17,4.7\tc-3.2,0.4-8.3,1.1-14.2,0.9c-1.5-0.1-6.3-0.4-12-1.6c-5.7-1.2-11-3.1-15.8-3.7C6.5,9.2,0,10.8,0,10.8V0h283.5V9.7z M260.8,11.3\tc-0.7-1-2-0.4-4.3-0.4c-2.3,0-6.1-1.2-5.8-1.1c0.3,0.1,3.1,1.5,6,1.9C259.7,12.2,261.4,12.3,260.8,11.3z M242.4,8.6\tc0,0-2.4-0.2-5.6-0.9c-3.2-0.8-10.3-2.8-15.1-3.5c-8.2-1.1-15.8,0-15.1,0.1c0.8,0.1,9.6-0.6,17.6,1.1c3.3,0.7,9.3,2.2,12.4,2.7\tC239.9,8.7,242.4,8.6,242.4,8.6z M185.2,8.5c1.7-0.7-13.3,4.7-18.5,6.1c-2.1,0.6-6.2,1.6-10,2c-3.9,0.4-8.9,0.4-8.8,0.5\tc0,0.2,5.8,0.8,11.2,0c5.4-0.8,5.2-1.1,7.6-1.6C170.5,14.7,183.5,9.2,185.2,8.5z M199.1,6.9c0.2,0-0.8-0.4-4.8,1.1\tc-4,1.5-6.7,3.5-6.9,3.7c-0.2,0.1,3.5-1.8,6.6-3C197,7.5,199,6.9,199.1,6.9z M283,6c-0.1,0.1-1.9,1.1-4.8,2.5s-6.9,2.8-6.7,2.7\tc0.2,0,3.5-0.6,7.4-2.5C282.8,6.8,283.1,5.9,283,6z M31.3,11.6c0.1-0.2-1.9-0.2-4.5-1.2s-5.4-1.6-7.8-2C15,7.6,7.3,8.5,7.7,8.6\tC8,8.7,15.9,8.3,20.2,9.3c2.2,0.5,2.4,0.5,5.7,1.6S31.2,11.9,31.3,11.6z M73,9.2c0.4-0.1,3.5-1.6,8.4-2.6c4.9-1.1,8.9-0.5,8.9-0.8\tc0-0.3-1-0.9-6.2-0.3S72.6,9.3,73,9.2z M71.6,6.7C71.8,6.8,75,5.4,77.3,5c2.3-0.3,1.9-0.5,1.9-0.6c0-0.1-1.1-0.2-2.7,0.2\tC74.8,5.1,71.4,6.6,71.6,6.7z M93.6,4.4c0.1,0.2,3.5,0.8,5.6,1.8c2.1,1,1.8,0.6,1.9,0.5c0.1-0.1-0.8-0.8-2.4-1.3\tC97.1,4.8,93.5,4.2,93.6,4.4z M65.4,11.1c-0.1,0.3,0.3,0.5,1.9-0.2s2.6-1.3,2.2-1.2s-0.9,0.4-2.5,0.8C65.3,10.9,65.5,10.8,65.4,11.1\tz M34.5,12.4c-0.2,0,2.1,0.8,3.3,0.9c1.2,0.1,2,0.1,2-0.2c0-0.3-0.1-0.5-1.6-0.4C36.6,12.8,34.7,12.4,34.5,12.4z M152.2,21.1\tc-0.1,0.1-2.4-0.3-7.5-0.3c-5,0-13.6-2.4-17.2-3.5c-3.6-1.1,10,3.9,16.5,4.1C150.5,21.6,152.3,21,152.2,21.1z\"\/>\n\t<path class=\"elementor-shape-fill\" d=\"M269.6,18c-0.1-0.1-4.6,0.3-7.2,0c-7.3-0.7-17-3.2-16.6-2.9c0.4,0.3,13.7,3.1,17,3.3\tC267.7,18.8,269.7,18,269.6,18z\"\/>\n\t<path class=\"elementor-shape-fill\" d=\"M227.4,9.8c-0.2-0.1-4.5-1-9.5-1.2c-5-0.2-12.7,0.6-12.3,0.5c0.3-0.1,5.9-1.8,13.3-1.2\tS227.6,9.9,227.4,9.8z\"\/>\n\t<path class=\"elementor-shape-fill\" d=\"M204.5,13.4c-0.1-0.1,2-1,3.2-1.1c1.2-0.1,2,0,2,0.3c0,0.3-0.1,0.5-1.6,0.4\tC206.4,12.9,204.6,13.5,204.5,13.4z\"\/>\n\t<path class=\"elementor-shape-fill\" d=\"M201,10.6c0-0.1-4.4,1.2-6.3,2.2c-1.9,0.9-6.2,3.1-6.1,3.1c0.1,0.1,4.2-1.6,6.3-2.6\tS201,10.7,201,10.6z\"\/>\n\t<path class=\"elementor-shape-fill\" d=\"M154.5,26.7c-0.1-0.1-4.6,0.3-7.2,0c-7.3-0.7-17-3.2-16.6-2.9c0.4,0.3,13.7,3.1,17,3.3\tC152.6,27.5,154.6,26.8,154.5,26.7z\"\/>\n\t<path class=\"elementor-shape-fill\" d=\"M41.9,19.3c0,0,1.2-0.3,2.9-0.1c1.7,0.2,5.8,0.9,8.2,0.7c4.2-0.4,7.4-2.7,7-2.6\tc-0.4,0-4.3,2.2-8.6,1.9c-1.8-0.1-5.1-0.5-6.7-0.4S41.9,19.3,41.9,19.3z\"\/>\n\t<path class=\"elementor-shape-fill\" d=\"M75.5,12.6c0.2,0.1,2-0.8,4.3-1.1c2.3-0.2,2.1-0.3,2.1-0.5c0-0.1-1.8-0.4-3.4,0\tC76.9,11.5,75.3,12.5,75.5,12.6z\"\/>\n\t<path class=\"elementor-shape-fill\" d=\"M15.6,13.2c0-0.1,4.3,0,6.7,0.5c2.4,0.5,5,1.9,5,2c0,0.1-2.7-0.8-5.1-1.4\tC19.9,13.7,15.7,13.3,15.6,13.2z\"\/>\n<\/svg>\t\t<\/div>\n\t\t\t\t\t<div class=\"elementor-container elementor-column-gap-default\">\n\t\t\t\t\t<div class=\"elementor-column elementor-col-100 elementor-top-column elementor-element elementor-element-1734426\" data-id=\"1734426\" data-element_type=\"column\">\n\t\t\t<div class=\"elementor-widget-wrap elementor-element-populated\">\n\t\t\t\t\t\t<div class=\"elementor-element elementor-element-9e4dc0d elementor-invisible elementor-widget elementor-widget-text-editor\" data-id=\"9e4dc0d\" data-element_type=\"widget\" data-settings=\"{&quot;_animation&quot;:&quot;zoomIn&quot;}\" data-widget_type=\"text-editor.default\">\n\t\t\t\t<div class=\"elementor-widget-container\">\n\t\t\t\t\t\t\t\t\t<section class=\"tcvpb_section_tc \"><div class=\"tcvpb_section_content\"><div class=\"tcvpb_container\"><div class=\"tcvpb_column_tc_span12 \"><div class=\"tcvpb-accordion tcvpb-toggle\" data-expanded=\"1\"><h3>\u0160to je uop\u0107e Wedding Pen?<\/h3><div class=\"tcvpb-accordion-body\"><p class=\"p_tc\">Wedding Pen je dizajniran i koncipiran kako bi se koristio za najva\u017eniji potpis u \u017eivotu prilikom potpisivanja vjen\u010danog lista. Sve daljnje informacije mo\u017ee\u0161 prona\u0107i na stranici \u201ePRI\u010cA\u201c<\/p><p class=\"p_tc\">Vi\u0161e <a href=\"https:\/\/www.theweddingpen.com\/?page_id=95\" target=\"_blank\" rel=\"noopener\">ovdje<\/a><\/p><p class=\"p_tc\">\u00a0<\/p><\/div><\/div><div class=\"tcvpb-accordion tcvpb-toggle\" data-expanded=\"0\"><h3>Odakle potje\u010de ime Lila Krone?<\/h3><div class=\"tcvpb-accordion-body\"><p class=\"p_tc\">Lila Krone ime je tvrtke koja je poznata kao izumitelj Weddin Pen-a. Ovaj marka garantira da u rukama dr\u017ei\u0161 pravi original koji je izradjen u \u010duvenoj kvaliteti. <br \/>Vi\u0161e o Lila Krone mo\u017ee\u0161 saznati na stranici \u201eO NAMA\u201c<\/p><p class=\"p_tc\">Vi\u0161e <a href=\"https:\/\/www.theweddingpen.com\/?page_id=96\" target=\"_blank\" rel=\"noopener\">ovdje<\/a><\/p><p class=\"p_tc\">\u00a0<\/p><\/div><\/div><div class=\"tcvpb-accordion tcvpb-toggle\" data-expanded=\"0\"><h3>Koliko ima razli\u010ditih modela Wedding Pen-a?<\/h3><div class=\"tcvpb-accordion-body\"><p class=\"p_tc\">Wedding Pen postoji u dvije varijante. Model \u201cGold Edition\u201d kao osnovne boje ima biserno-bijelu i boju \u017eutog zlata. Kod modela \u201ePlatinum Edition\u201c Wedding Pen sija u boji platine.<\/p><p class=\"p_tc\">\u00a0<\/p><\/div><\/div><div class=\"tcvpb-accordion tcvpb-toggle\" data-expanded=\"0\"><h3>Koje vrste dragog kamenja koristite za Wedding Pen?<\/h3><div class=\"tcvpb-accordion-body\"><p class=\"p_tc\">Kameni koji se nalaze u kruni na vrhu poklopca i kamen koji se nalazi na dr\u017ea\u010du Wedding Pen oboje su pravi kristali iz kolekcije Swarovski. Kao simbol originalnosti svaki Wedding Pen dodatno krasi pravi dijamant veli\u010dine 0,01 karat.<\/p><p class=\"p_tc\">\u00a0<\/p><\/div><\/div><div class=\"tcvpb-accordion tcvpb-toggle\" data-expanded=\"0\"><h3>Da li postoji garancija za kvalitetu?<\/h3><div class=\"tcvpb-accordion-body\"><p class=\"p_tc\">Apsolutno smo uvjereni u jedinstvenu kvalitetu Wedding Pen-a i zato dajemo 10 godina garancije. \u010cak i ako bi poslije tog roka nastao razlog za prigovor, rado \u0107emo i to odstraniti. Wedding Pen je smi\u0161ljen da vam cijeli \u017eivot pri\u010dinjava radost i sje\u0107a va\u0161 na va\u0161 najljep\u0161i dan u \u017eivotu.<\/p><p class=\"p_tc\">\u00a0<\/p><\/div><\/div><div class=\"tcvpb-accordion tcvpb-toggle\" data-expanded=\"0\"><h3>Dali imam pravo na povrat?<\/h3><div class=\"tcvpb-accordion-body\"><p class=\"p_tc\">Po\u0161to se svaki Wedding Pen radi po narud\u017ebi mi ovaj proizvod ne dr\u017eimo na skladi\u0161tu. Va\u0161 Wedding Pen individualiziran je dubinskom gravurom tako da nismo u mogu\u0107nosti prodati ga nekom drugom. Po\u0161to se radi o unikatnom proizvodu ne mo\u017eemo vam ustupiti pravo na povrat.<\/p><p class=\"p_tc\">\u00a0<\/p><\/div><\/div><div class=\"tcvpb-accordion tcvpb-toggle\" data-expanded=\"0\"><h3>Koliko vremena traje isporuka Wedding Pen-a?<\/h3><div class=\"tcvpb-accordion-body\"><p class=\"p_tc\">Po\u0161to se va\u0161 Wedding Pen radi po narud\u017ebi i prije isporuke vr\u0161imo kontrolu kvaliteta, od momenta narud\u017ebe do dana isporuke potrebno nam je obi\u010dno 14 radnih dana.<\/p><p class=\"p_tc\">\u00a0<\/p><\/div><\/div><div class=\"tcvpb-accordion tcvpb-toggle\" data-expanded=\"0\"><h3>Dali mogu naruciti Wedding Pen i ako se ne namjeravam vjen\u010dati?<\/h3><div class=\"tcvpb-accordion-body\"><p class=\"p_tc\">Naravno! Wedding Pen mo\u017ee\u0161 pokloniti i sebi. Rado \u0107emo izgravirati tvoje ime ili tekst po tvojoj zelji. \u010cak i plo\u010dicu koja se nalazi u \u201e\u010darobnoj kutiji\u201c mo\u017eemo individaualizirati po tvojoj \u017eelji. Mnogi na\u0161i kupci Wedding Pen narucuju tek tako ili za godi\u0161njicu braka. Jednostvano nam se obrati pod stranicom \u201eKONTAKT\u201c i mi \u0107emo ti rado pomo\u0107i pri narud\u017ebi.<\/p><p class=\"p_tc\"><a href=\"https:\/\/www.theweddingpen.com\/?page_id=107\" target=\"_blank\" rel=\"noopener\">Kontakt<\/a><\/p><p class=\"p_tc\">\u00a0<\/p><\/div><\/div><div class=\"tcvpb-accordion tcvpb-toggle\" data-expanded=\"0\"><h3>Kako se osigurati da se Wedding Pen ne kupi duplo?<\/h3><div class=\"tcvpb-accordion-body\"><p class=\"p_tc\">Svaki Wedding Pen ima svoj jedinstveni serijski broj. Ovaj se broj nalazi na pozadini krune. Serijski broj povezan je sa imenima i danom vjen\u010danja nasih kupaca. Tako osiguravamo da se Wedding Pen ne mo\u017ee kupiti dva puta. Ako bi se dogodilo da dvije osobe naru\u010de Wedding Pen za isti par na\u0161 sistem \u0107e informirati ososbu koja naru\u010duje. Na koncu mladenci mogu potpisati samo sa jednim Wedding Pen-om.<\/p><p class=\"p_tc\">\u00a0<\/p><\/div><\/div><div class=\"tcvpb-accordion tcvpb-toggle\" data-expanded=\"0\"><h3>Gdje se proizvodi Wedding Pen?<\/h3><div class=\"tcvpb-accordion-body\"><p class=\"p_tc\">Wedding Pen je visokokvalitetni proizvod njema\u010dkog grada zlata \u201eGoldstadt Pforzheim\u201c. Proizvodi ga davno osnovana manufaktura, koja je specijalizirana za izradu vrijednih pisa\u0107ih instrumenata za velike svijetske marke. Stoga Wedding Pen s pravom nosi predikat 100% MADE IN GERMANY<\/p><p class=\"p_tc\">\u00a0<\/p><\/div><\/div><div class=\"tcvpb-accordion tcvpb-toggle\" data-expanded=\"0\"><h3>Da li prilikom sklapanja braka uop\u0107e smijem koristiti svoj Wedding Pen?<\/h3><div class=\"tcvpb-accordion-body\"><p class=\"p_tc\">Wedding Pen opremljen je punilom u crnoj boji koja je certificirana za potpisivanje dokumenta. Punilo ispunjava standard DIN ISO 12757-2 i producira ga ugledni proizvo\u0111a\u010d koji je svjetski lider na ovom podru\u010dju. Stoga nema razloga kako ne bi smjeli potpisati ovom penkalom pri sklapanju braka. Do sada nam nisu poznati slu\u010dajevi da su nasi kupci imali problema pri koristenju Wedding Pen-a, niti sa mati\u010dnim uredom niti sa crkvom. Sigurno bi bilo razumno u razgovoru sa mati\u010dnim uredom ukazati na to da \u017eelite koristiti va\u0161u Wedding Pen. Ako bi tom prilikom nastala pitanja slobodno nam se obratite preko stranice\u00a0<\/p><p class=\"p_tc\"><a href=\"https:\/\/www.theweddingpen.com\/?page_id=107\" target=\"_blank\" rel=\"noopener\">KONTAKT<\/a>.<\/p><\/div><\/div><\/div><\/div><\/div><\/section>\t\t\t\t<style id=\"core-9e4dc0d-core-block-supports-inline-css\"><\/style>\t\t\t\t<\/div>\n\t\t\t\t<\/div>\n\t\t\t\t\t<\/div>\n\t\t<\/div>\n\t\t\t\t\t<\/div>\n\t\t<\/section>\n\t\t\t\t<\/div>\n\t\t","protected":false},"excerpt":{"rendered":"<p>Faq Ovo su neka od \u010desto postavljenih pitanja u vezi sa Wedding Pen-om \u0160to je uop\u0107e Wedding Pen? Wedding Pen je dizajniran i koncipiran kako bi se koristio za najva\u017eniji potpis u \u017eivotu prilikom potpisivanja vjen\u010danog lista. Sve daljnje informacije mo\u017ee\u0161 prona\u0107i na stranici \u201ePRI\u010cA\u201c Vi\u0161e ovdje \u00a0 Odakle potje\u010de ime Lila Krone? Lila Krone [&hellip;]<\/p>\n","protected":false},"author":1,"featured_media":0,"parent":0,"menu_order":0,"comment_status":"closed","ping_status":"closed","template":"elementor_header_footer","meta":{"_seopress_robots_primary_cat":"","_seopress_titles_title":"","_seopress_titles_desc":"","_seopress_robots_index":"","footnotes":""},"class_list":["post-108","page","type-page","status-publish","hentry"],"blocksy_meta":{"styles_descriptor":{"styles":{"desktop":"","tablet":"","mobile":""},"google_fonts":[],"version":6}},"lang":"hr","translations":{"hr":108,"de":784,"en":1248},"pll_sync_post":[],"_links":{"self":[{"href":"https:\/\/www.theweddingpen.com\/index.php?rest_route=\/wp\/v2\/pages\/108","targetHints":{"allow":["GET"]}}],"collection":[{"href":"https:\/\/www.theweddingpen.com\/index.php?rest_route=\/wp\/v2\/pages"}],"about":[{"href":"https:\/\/www.theweddingpen.com\/index.php?rest_route=\/wp\/v2\/types\/page"}],"author":[{"embeddable":true,"href":"https:\/\/www.theweddingpen.com\/index.php?rest_route=\/wp\/v2\/users\/1"}],"replies":[{"embeddable":true,"href":"https:\/\/www.theweddingpen.com\/index.php?rest_route=%2Fwp%2Fv2%2Fcomments&post=108"}],"version-history":[{"count":3,"href":"https:\/\/www.theweddingpen.com\/index.php?rest_route=\/wp\/v2\/pages\/108\/revisions"}],"predecessor-version":[{"id":1823,"href":"https:\/\/www.theweddingpen.com\/index.php?rest_route=\/wp\/v2\/pages\/108\/revisions\/1823"}],"wp:attachment":[{"href":"https:\/\/www.theweddingpen.com\/index.php?rest_route=%2Fwp%2Fv2%2Fmedia&parent=108"}],"curies":[{"name":"wp","href":"https:\/\/api.w.org\/{rel}","templated":true}]}}